{"id":1254,"date":"2023-11-06T22:53:54","date_gmt":"2023-11-06T22:53:54","guid":{"rendered":"https:\/\/cliniquereset.com\/?page_id=1254"},"modified":"2026-01-05T18:46:36","modified_gmt":"2026-01-05T18:46:36","slug":"entrainement-prive","status":"publish","type":"page","link":"https:\/\/cliniquereset.com\/en\/our-services\/entrainement-prive\/","title":{"rendered":"Private training in Montreal"},"content":{"rendered":"<div data-elementor-type=\"wp-page\" data-elementor-id=\"1254\" class=\"elementor elementor-1254\" data-elementor-post-type=\"page\">\n\t\t\t\t\t\t<section class=\"elementor-section elementor-top-section elementor-element elementor-element-b9443e1 elementor-section-boxed elementor-section-height-default elementor-section-height-default\" data-id=\"b9443e1\" data-element_type=\"section\">\n\t\t\t\t\t\t<div class=\"elementor-container elementor-column-gap-default\">\n\t\t\t\t\t<div class=\"elementor-column elementor-col-50 elementor-top-column elementor-element elementor-element-2a70fdb\" data-id=\"2a70fdb\" data-element_type=\"column\">\n\t\t\t<div class=\"elementor-widget-wrap elementor-element-populated\">\n\t\t\t\t\t\t<div class=\"elementor-element elementor-element-b3018bd elementor-widget elementor-widget-image\" data-id=\"b3018bd\" data-element_type=\"widget\" data-widget_type=\"image.default\">\n\t\t\t\t<div class=\"elementor-widget-container\">\n\t\t\t\t\t\t\t\t\t\t\t\t\t\t\t<img fetchpriority=\"high\" decoding=\"async\" width=\"1024\" height=\"1024\" src=\"https:\/\/cliniquereset.com\/wp-content\/uploads\/2025\/07\/Untitled-design.png\" class=\"attachment-1536x1536 size-1536x1536 wp-image-2084\" alt=\"\" srcset=\"https:\/\/cliniquereset.com\/wp-content\/uploads\/2025\/07\/Untitled-design.png 1024w, https:\/\/cliniquereset.com\/wp-content\/uploads\/2025\/07\/Untitled-design-300x300.png 300w, https:\/\/cliniquereset.com\/wp-content\/uploads\/2025\/07\/Untitled-design-150x150.png 150w, https:\/\/cliniquereset.com\/wp-content\/uploads\/2025\/07\/Untitled-design-768x768.png 768w, https:\/\/cliniquereset.com\/wp-content\/uploads\/2025\/07\/Untitled-design-12x12.png 12w, https:\/\/cliniquereset.com\/wp-content\/uploads\/2025\/07\/Untitled-design-600x600.png 600w, https:\/\/cliniquereset.com\/wp-content\/uploads\/2025\/07\/Untitled-design-100x100.png 100w\" sizes=\"(max-width: 1024px) 100vw, 1024px\" \/>\t\t\t\t\t\t\t\t\t\t\t\t\t\t\t<\/div>\n\t\t\t\t<\/div>\n\t\t\t\t\t<\/div>\n\t\t<\/div>\n\t\t\t\t<div class=\"elementor-column elementor-col-50 elementor-top-column elementor-element elementor-element-690182e\" data-id=\"690182e\" data-element_type=\"column\">\n\t\t\t<div class=\"elementor-widget-wrap elementor-element-populated\">\n\t\t\t\t\t\t<div class=\"elementor-element elementor-element-660053c elementor-widget elementor-widget-heading\" data-id=\"660053c\" data-element_type=\"widget\" data-widget_type=\"heading.default\">\n\t\t\t\t<div class=\"elementor-widget-container\">\n\t\t\t\t\t<h2 class=\"elementor-heading-title elementor-size-default\">Sports Training<\/h2>\t\t\t\t<\/div>\n\t\t\t\t<\/div>\n\t\t\t\t<div class=\"elementor-element elementor-element-44b72fe elementor-widget elementor-widget-heading\" data-id=\"44b72fe\" data-element_type=\"widget\" data-widget_type=\"heading.default\">\n\t\t\t\t<div class=\"elementor-widget-container\">\n\t\t\t\t\t<h2 class=\"elementor-heading-title elementor-size-default\">SERVICES<\/h2>\t\t\t\t<\/div>\n\t\t\t\t<\/div>\n\t\t\t\t<div class=\"elementor-element elementor-element-686b5ad elementor-widget elementor-widget-text-editor\" data-id=\"686b5ad\" data-element_type=\"widget\" data-widget_type=\"text-editor.default\">\n\t\t\t\t<div class=\"elementor-widget-container\">\n\t\t\t\t\t\t\t\t\t<p><span style=\"color: #ffffff;\">Avec \u00c9ric Wagner, notre entra\u00eeneur priv\u00e9 \u00e0 Montr\u00e9al, profitez d\u2019un accompagnement sur mesure adapt\u00e9 \u00e0 vos besoins et objectifs. \u00c9ric cr\u00e9e un programme personnalis\u00e9 pour vous aider \u00e0 atteindre vos buts, que ce soit en performance, perte de poids, force ou mode de vie sain.<\/span><\/p>\t\t\t\t\t\t\t\t<\/div>\n\t\t\t\t<\/div>\n\t\t\t\t<div class=\"elementor-element elementor-element-7fa9949 elementor-widget elementor-widget-text-editor\" data-id=\"7fa9949\" data-element_type=\"widget\" data-widget_type=\"text-editor.default\">\n\t\t\t\t<div class=\"elementor-widget-container\">\n\t\t\t\t\t\t\t\t\t<ul>\n<li><span style=\"font-style: inherit; font-weight: inherit;\">Initial assessment - $140<\/span><\/li>\n<li><span style=\"font-style: inherit; font-weight: inherit;\">5 sessions private training - $450<\/span><\/li>\n<li><span style=\"font-style: inherit; font-weight: inherit;\">10 sessions private training - $875<\/span><\/li>\n<li><span style=\"font-style: inherit; font-weight: inherit;\">15 sessions private training - $1275<\/span><\/li>\n<li><span style=\"font-style: inherit; font-weight: inherit;\">20 sessions private training - $1650<\/span><\/li>\n<\/ul>\t\t\t\t\t\t\t\t<\/div>\n\t\t\t\t<\/div>\n\t\t\t\t<div class=\"elementor-element elementor-element-e8cf177 elementor-widget elementor-widget-heading\" data-id=\"e8cf177\" data-element_type=\"widget\" data-widget_type=\"heading.default\">\n\t\t\t\t<div class=\"elementor-widget-container\">\n\t\t\t\t\t<h2 class=\"elementor-heading-title elementor-size-default\">Cardio Training - Functional Training<\/h2>\t\t\t\t<\/div>\n\t\t\t\t<\/div>\n\t\t\t\t<div class=\"elementor-element elementor-element-5e353e5 elementor-mobile-align-center elementor-align-center elementor-widget elementor-widget-button\" data-id=\"5e353e5\" data-element_type=\"widget\" data-widget_type=\"button.default\">\n\t\t\t\t<div class=\"elementor-widget-container\">\n\t\t\t\t\t\t\t\t\t<div class=\"elementor-button-wrapper\">\n\t\t\t\t\t<a class=\"elementor-button elementor-button-link elementor-size-sm\" href=\"https:\/\/clinique-reset.janeapp.com\/#\/entrainement-prive-personal-training\" target=\"_blank\">\n\t\t\t\t\t\t<span class=\"elementor-button-content-wrapper\">\n\t\t\t\t\t\t\t\t\t<span class=\"elementor-button-text\">book an appointment<\/span>\n\t\t\t\t\t<\/span>\n\t\t\t\t\t<\/a>\n\t\t\t\t<\/div>\n\t\t\t\t\t\t\t\t<\/div>\n\t\t\t\t<\/div>\n\t\t\t\t<div class=\"elementor-element elementor-element-aeb8b56 elementor-widget elementor-widget-heading\" data-id=\"aeb8b56\" data-element_type=\"widget\" data-widget_type=\"heading.default\">\n\t\t\t\t<div class=\"elementor-widget-container\">\n\t\t\t\t\t<h2 class=\"elementor-heading-title elementor-size-default\">* All prices are excluding taxes.<\/h2>\t\t\t\t<\/div>\n\t\t\t\t<\/div>\n\t\t\t\t\t<\/div>\n\t\t<\/div>\n\t\t\t\t\t<\/div>\n\t\t<\/section>\n\t\t\t\t<section class=\"elementor-section elementor-top-section elementor-element elementor-element-b9d58cb elementor-hidden-desktop elementor-hidden-tablet elementor-hidden-mobile elementor-section-boxed elementor-section-height-default elementor-section-height-default\" data-id=\"b9d58cb\" data-element_type=\"section\">\n\t\t\t\t\t\t<div class=\"elementor-container elementor-column-gap-default\">\n\t\t\t\t\t<div class=\"elementor-column elementor-col-50 elementor-top-column elementor-element elementor-element-7ec1ceb\" data-id=\"7ec1ceb\" data-element_type=\"column\">\n\t\t\t<div class=\"elementor-widget-wrap elementor-element-populated\">\n\t\t\t\t\t\t<div class=\"elementor-element elementor-element-2408b1c elementor-widget elementor-widget-image\" data-id=\"2408b1c\" data-element_type=\"widget\" data-widget_type=\"image.default\">\n\t\t\t\t<div class=\"elementor-widget-container\">\n\t\t\t\t\t\t\t\t\t\t\t\t\t\t\t<img decoding=\"async\" width=\"768\" height=\"1024\" src=\"https:\/\/cliniquereset.com\/wp-content\/uploads\/2024\/06\/4f3e983c-da62-4788-a7a0-d09780bc6ecd.jpg\" class=\"attachment-large size-large wp-image-1684\" alt=\"\" srcset=\"https:\/\/cliniquereset.com\/wp-content\/uploads\/2024\/06\/4f3e983c-da62-4788-a7a0-d09780bc6ecd.jpg 768w, https:\/\/cliniquereset.com\/wp-content\/uploads\/2024\/06\/4f3e983c-da62-4788-a7a0-d09780bc6ecd-600x800.jpg 600w, https:\/\/cliniquereset.com\/wp-content\/uploads\/2024\/06\/4f3e983c-da62-4788-a7a0-d09780bc6ecd-225x300.jpg 225w, https:\/\/cliniquereset.com\/wp-content\/uploads\/2024\/06\/4f3e983c-da62-4788-a7a0-d09780bc6ecd-9x12.jpg 9w\" sizes=\"(max-width: 768px) 100vw, 768px\" \/>\t\t\t\t\t\t\t\t\t\t\t\t\t\t\t<\/div>\n\t\t\t\t<\/div>\n\t\t\t\t\t<\/div>\n\t\t<\/div>\n\t\t\t\t<div class=\"elementor-column elementor-col-50 elementor-top-column elementor-element elementor-element-a3c4dff\" data-id=\"a3c4dff\" data-element_type=\"column\">\n\t\t\t<div class=\"elementor-widget-wrap elementor-element-populated\">\n\t\t\t\t\t\t<div class=\"elementor-element elementor-element-2cc9321 elementor-widget elementor-widget-heading\" data-id=\"2cc9321\" data-element_type=\"widget\" data-widget_type=\"heading.default\">\n\t\t\t\t<div class=\"elementor-widget-container\">\n\t\t\t\t\t<h2 class=\"elementor-heading-title elementor-size-default\">RUNNING CLUB<\/h2>\t\t\t\t<\/div>\n\t\t\t\t<\/div>\n\t\t\t\t<div class=\"elementor-element elementor-element-8aa3bea elementor-widget elementor-widget-text-editor\" data-id=\"8aa3bea\" data-element_type=\"widget\" data-widget_type=\"text-editor.default\">\n\t\t\t\t<div class=\"elementor-widget-container\">\n\t\t\t\t\t\t\t\t\t<ul><li><strong>WHEN?<\/strong> Every Wednesday evening at 6:30 PM<\/li><li><strong>WHERE?<\/strong> Departure from the clinic (Old Montreal)<\/li><li><strong>FOR WHOM?<\/strong> Open to everyone<\/li><\/ul>\t\t\t\t\t\t\t\t<\/div>\n\t\t\t\t<\/div>\n\t\t\t\t<div class=\"elementor-element elementor-element-7dd6c80 elementor-widget elementor-widget-heading\" data-id=\"7dd6c80\" data-element_type=\"widget\" data-widget_type=\"heading.default\">\n\t\t\t\t<div class=\"elementor-widget-container\">\n\t\t\t\t\t<h2 class=\"elementor-heading-title elementor-size-default\">$20\/month or $10 per session<\/h2>\t\t\t\t<\/div>\n\t\t\t\t<\/div>\n\t\t\t\t<div class=\"elementor-element elementor-element-934196a elementor-widget elementor-widget-image\" data-id=\"934196a\" data-element_type=\"widget\" data-widget_type=\"image.default\">\n\t\t\t\t<div class=\"elementor-widget-container\">\n\t\t\t\t\t\t\t\t\t\t\t\t\t\t\t<img decoding=\"async\" width=\"1024\" height=\"980\" src=\"https:\/\/cliniquereset.com\/wp-content\/uploads\/2024\/06\/IMG_6345-1024x980.jpg\" class=\"attachment-large size-large wp-image-1695\" alt=\"\" srcset=\"https:\/\/cliniquereset.com\/wp-content\/uploads\/2024\/06\/IMG_6345-1024x980.jpg 1024w, https:\/\/cliniquereset.com\/wp-content\/uploads\/2024\/06\/IMG_6345-600x574.jpg 600w, https:\/\/cliniquereset.com\/wp-content\/uploads\/2024\/06\/IMG_6345-300x287.jpg 300w, https:\/\/cliniquereset.com\/wp-content\/uploads\/2024\/06\/IMG_6345-768x735.jpg 768w, https:\/\/cliniquereset.com\/wp-content\/uploads\/2024\/06\/IMG_6345-13x12.jpg 13w, https:\/\/cliniquereset.com\/wp-content\/uploads\/2024\/06\/IMG_6345.jpg 1170w\" sizes=\"(max-width: 1024px) 100vw, 1024px\" \/>\t\t\t\t\t\t\t\t\t\t\t\t\t\t\t<\/div>\n\t\t\t\t<\/div>\n\t\t\t\t\t<\/div>\n\t\t<\/div>\n\t\t\t\t\t<\/div>\n\t\t<\/section>\n\t\t\t\t<\/div>","protected":false},"excerpt":{"rendered":"<p>Entrainement Sportif SERVICES Avec \u00c9ric Wagner, notre entra\u00eeneur priv\u00e9 \u00e0 Montr\u00e9al, profitez d\u2019un accompagnement sur mesure adapt\u00e9 \u00e0 vos besoins et objectifs. \u00c9ric cr\u00e9e un programme personnalis\u00e9 pour vous aider \u00e0 atteindre vos buts, que ce soit en performance, perte de poids, force ou mode de vie sain. Evaluation initial &#8211; 140$ 5 S\u00e9ance entrainement [&hellip;]<\/p>","protected":false},"author":1,"featured_media":0,"parent":26,"menu_order":0,"comment_status":"closed","ping_status":"closed","template":"","meta":{"inline_featured_image":false,"site-sidebar-layout":"no-sidebar","site-content-layout":"page-builder","ast-site-content-layout":"default","site-content-style":"default","site-sidebar-style":"default","ast-global-header-display":"","ast-banner-title-visibility":"","ast-main-header-display":"","ast-hfb-above-header-display":"","ast-hfb-below-header-display":"","ast-hfb-mobile-header-display":"","site-post-title":"disabled","ast-breadcrumbs-content":"","ast-featured-img":"disabled","footer-sml-layout":"","ast-disable-related-posts":"","theme-transparent-header-meta":"default","adv-header-id-meta":"","stick-header-meta":"","header-above-stick-meta":"","header-main-stick-meta":"","header-below-stick-meta":"","astra-migrate-meta-layouts":"set","ast-page-background-enabled":"default","ast-page-background-meta":{"desktop":{"background-color":"var(--ast-global-color-4)","background-image":"","background-repeat":"repeat","background-position":"center center","background-size":"auto","background-attachment":"scroll","background-type":"","background-media":"","overlay-type":"","overlay-color":"","overlay-opacity":"","overlay-gradient":""},"tablet":{"background-color":"","background-image":"","background-repeat":"repeat","background-position":"center center","background-size":"auto","background-attachment":"scroll","background-type":"","background-media":"","overlay-type":"","overlay-color":"","overlay-opacity":"","overlay-gradient":""},"mobile":{"background-color":"","background-image":"","background-repeat":"repeat","background-position":"center center","background-size":"auto","background-attachment":"scroll","background-type":"","background-media":"","overlay-type":"","overlay-color":"","overlay-opacity":"","overlay-gradient":""}},"ast-content-background-meta":{"desktop":{"background-color":"var(--ast-global-color-5)","background-image":"","background-repeat":"repeat","background-position":"center center","background-size":"auto","background-attachment":"scroll","background-type":"","background-media":"","overlay-type":"","overlay-color":"","overlay-opacity":"","overlay-gradient":""},"tablet":{"background-color":"var(--ast-global-color-5)","background-image":"","background-repeat":"repeat","background-position":"center center","background-size":"auto","background-attachment":"scroll","background-type":"","background-media":"","overlay-type":"","overlay-color":"","overlay-opacity":"","overlay-gradient":""},"mobile":{"background-color":"var(--ast-global-color-5)","background-image":"","background-repeat":"repeat","background-position":"center center","background-size":"auto","background-attachment":"scroll","background-type":"","background-media":"","overlay-type":"","overlay-color":"","overlay-opacity":"","overlay-gradient":""}},"footnotes":""},"class_list":["post-1254","page","type-page","status-publish","hentry"],"yoast_head":"<!-- This site is optimized with the Yoast SEO plugin v26.7 - https:\/\/yoast.com\/wordpress\/plugins\/seo\/ -->\n<title>Entrainement Priv\u00e9 \u00e0 Montr\u00e9al - Clinique RESET<\/title>\n<meta name=\"description\" content=\"La clinique RESET offre de l\u2019entra\u00eenement priv\u00e9 \u00e0 Montr\u00e9al avec un entra\u00eeneur certifi\u00e9 pour atteindre vos objectifs sant\u00e9 et performance.\" \/>\n<meta name=\"robots\" content=\"index, follow, max-snippet:-1, max-image-preview:large, max-video-preview:-1\" \/>\n<link rel=\"canonical\" href=\"https:\/\/cliniquereset.com\/en\/our-services\/entrainement-prive\/\" \/>\n<meta property=\"og:locale\" content=\"en_US\" \/>\n<meta property=\"og:type\" content=\"article\" \/>\n<meta property=\"og:title\" content=\"Entrainement Priv\u00e9 \u00e0 Montr\u00e9al - Clinique RESET\" \/>\n<meta property=\"og:description\" content=\"La clinique RESET offre de l\u2019entra\u00eenement priv\u00e9 \u00e0 Montr\u00e9al avec un entra\u00eeneur certifi\u00e9 pour atteindre vos objectifs sant\u00e9 et performance.\" \/>\n<meta property=\"og:url\" content=\"https:\/\/cliniquereset.com\/en\/our-services\/entrainement-prive\/\" \/>\n<meta property=\"og:site_name\" content=\"Clinique RESET\" \/>\n<meta property=\"article:publisher\" content=\"https:\/\/www.facebook.com\/cliniqueRESET\" \/>\n<meta property=\"article:modified_time\" content=\"2026-01-05T18:46:36+00:00\" \/>\n<meta property=\"og:image\" content=\"https:\/\/cliniquereset.com\/wp-content\/uploads\/2025\/07\/Untitled-design.png\" \/>\n\t<meta property=\"og:image:width\" content=\"1024\" \/>\n\t<meta property=\"og:image:height\" content=\"1024\" \/>\n\t<meta property=\"og:image:type\" content=\"image\/png\" \/>\n<meta name=\"twitter:card\" content=\"summary_large_image\" \/>\n<meta name=\"twitter:label1\" content=\"Est. reading time\" \/>\n\t<meta name=\"twitter:data1\" content=\"2 minutes\" \/>\n<script type=\"application\/ld+json\" class=\"yoast-schema-graph\">{\"@context\":\"https:\/\/schema.org\",\"@graph\":[{\"@type\":\"WebPage\",\"@id\":\"https:\/\/cliniquereset.com\/our-services\/entrainement-prive\/\",\"url\":\"https:\/\/cliniquereset.com\/our-services\/entrainement-prive\/\",\"name\":\"Entrainement Priv\u00e9 \u00e0 Montr\u00e9al - Clinique RESET\",\"isPartOf\":{\"@id\":\"https:\/\/cliniquereset.com\/#website\"},\"primaryImageOfPage\":{\"@id\":\"https:\/\/cliniquereset.com\/our-services\/entrainement-prive\/#primaryimage\"},\"image\":{\"@id\":\"https:\/\/cliniquereset.com\/our-services\/entrainement-prive\/#primaryimage\"},\"thumbnailUrl\":\"https:\/\/cliniquereset.com\/wp-content\/uploads\/2025\/07\/Untitled-design.png\",\"datePublished\":\"2023-11-06T22:53:54+00:00\",\"dateModified\":\"2026-01-05T18:46:36+00:00\",\"description\":\"La clinique RESET offre de l\u2019entra\u00eenement priv\u00e9 \u00e0 Montr\u00e9al avec un entra\u00eeneur certifi\u00e9 pour atteindre vos objectifs sant\u00e9 et performance.\",\"breadcrumb\":{\"@id\":\"https:\/\/cliniquereset.com\/our-services\/entrainement-prive\/#breadcrumb\"},\"inLanguage\":\"en-CA\",\"potentialAction\":[{\"@type\":\"ReadAction\",\"target\":[\"https:\/\/cliniquereset.com\/our-services\/entrainement-prive\/\"]}]},{\"@type\":\"ImageObject\",\"inLanguage\":\"en-CA\",\"@id\":\"https:\/\/cliniquereset.com\/our-services\/entrainement-prive\/#primaryimage\",\"url\":\"https:\/\/cliniquereset.com\/wp-content\/uploads\/2025\/07\/Untitled-design.png\",\"contentUrl\":\"https:\/\/cliniquereset.com\/wp-content\/uploads\/2025\/07\/Untitled-design.png\"},{\"@type\":\"BreadcrumbList\",\"@id\":\"https:\/\/cliniquereset.com\/our-services\/entrainement-prive\/#breadcrumb\",\"itemListElement\":[{\"@type\":\"ListItem\",\"position\":1,\"name\":\"Home\",\"item\":\"https:\/\/cliniquereset.com\/\"},{\"@type\":\"ListItem\",\"position\":2,\"name\":\"Nos services\",\"item\":\"https:\/\/cliniquereset.com\/our-services\/\"},{\"@type\":\"ListItem\",\"position\":3,\"name\":\"Entrainement Priv\u00e9 \u00e0 Montr\u00e9al\"}]},{\"@type\":\"WebSite\",\"@id\":\"https:\/\/cliniquereset.com\/#website\",\"url\":\"https:\/\/cliniquereset.com\/\",\"name\":\"Clinique RESET\",\"description\":\"Sports Clinic in Montreal Kinesiology Kinesitherapy Sport Massage Therapy Clinique RESET offers sports massages that meet the needs of athletes.\",\"publisher\":{\"@id\":\"https:\/\/cliniquereset.com\/#organization\"},\"potentialAction\":[{\"@type\":\"SearchAction\",\"target\":{\"@type\":\"EntryPoint\",\"urlTemplate\":\"https:\/\/cliniquereset.com\/?s={search_term_string}\"},\"query-input\":{\"@type\":\"PropertyValueSpecification\",\"valueRequired\":true,\"valueName\":\"search_term_string\"}}],\"inLanguage\":\"en-CA\"},{\"@type\":\"Organization\",\"@id\":\"https:\/\/cliniquereset.com\/#organization\",\"name\":\"Clinique RESET\",\"url\":\"https:\/\/cliniquereset.com\/\",\"logo\":{\"@type\":\"ImageObject\",\"inLanguage\":\"en-CA\",\"@id\":\"https:\/\/cliniquereset.com\/#\/schema\/logo\/image\/\",\"url\":\"https:\/\/cliniquereset.com\/wp-content\/uploads\/2023\/08\/CLINIQUE-RESET-LOGO.png\",\"contentUrl\":\"https:\/\/cliniquereset.com\/wp-content\/uploads\/2023\/08\/CLINIQUE-RESET-LOGO.png\",\"width\":160,\"height\":160,\"caption\":\"Clinique RESET\"},\"image\":{\"@id\":\"https:\/\/cliniquereset.com\/#\/schema\/logo\/image\/\"},\"sameAs\":[\"https:\/\/www.facebook.com\/cliniqueRESET\",\"https:\/\/www.youtube.com\/@CliniqueReset-gz7gs\",\"https:\/\/www.instagram.com\/clinique_reset\/\",\"https:\/\/www.linkedin.com\/in\/clinique-r-e-s-e-t-a8ab5b232\/\"]}]}<\/script>\n<!-- \/ Yoast SEO plugin. -->","yoast_head_json":{"title":"Entrainement Priv\u00e9 \u00e0 Montr\u00e9al - Clinique RESET","description":"La clinique RESET offre de l\u2019entra\u00eenement priv\u00e9 \u00e0 Montr\u00e9al avec un entra\u00eeneur certifi\u00e9 pour atteindre vos objectifs sant\u00e9 et performance.","robots":{"index":"index","follow":"follow","max-snippet":"max-snippet:-1","max-image-preview":"max-image-preview:large","max-video-preview":"max-video-preview:-1"},"canonical":"https:\/\/cliniquereset.com\/en\/our-services\/entrainement-prive\/","og_locale":"en_US","og_type":"article","og_title":"Entrainement Priv\u00e9 \u00e0 Montr\u00e9al - Clinique RESET","og_description":"La clinique RESET offre de l\u2019entra\u00eenement priv\u00e9 \u00e0 Montr\u00e9al avec un entra\u00eeneur certifi\u00e9 pour atteindre vos objectifs sant\u00e9 et performance.","og_url":"https:\/\/cliniquereset.com\/en\/our-services\/entrainement-prive\/","og_site_name":"Clinique RESET","article_publisher":"https:\/\/www.facebook.com\/cliniqueRESET","article_modified_time":"2026-01-05T18:46:36+00:00","og_image":[{"width":1024,"height":1024,"url":"https:\/\/cliniquereset.com\/wp-content\/uploads\/2025\/07\/Untitled-design.png","type":"image\/png"}],"twitter_card":"summary_large_image","twitter_misc":{"Est. reading time":"2 minutes"},"schema":{"@context":"https:\/\/schema.org","@graph":[{"@type":"WebPage","@id":"https:\/\/cliniquereset.com\/our-services\/entrainement-prive\/","url":"https:\/\/cliniquereset.com\/our-services\/entrainement-prive\/","name":"Entrainement Priv\u00e9 \u00e0 Montr\u00e9al - Clinique RESET","isPartOf":{"@id":"https:\/\/cliniquereset.com\/#website"},"primaryImageOfPage":{"@id":"https:\/\/cliniquereset.com\/our-services\/entrainement-prive\/#primaryimage"},"image":{"@id":"https:\/\/cliniquereset.com\/our-services\/entrainement-prive\/#primaryimage"},"thumbnailUrl":"https:\/\/cliniquereset.com\/wp-content\/uploads\/2025\/07\/Untitled-design.png","datePublished":"2023-11-06T22:53:54+00:00","dateModified":"2026-01-05T18:46:36+00:00","description":"La clinique RESET offre de l\u2019entra\u00eenement priv\u00e9 \u00e0 Montr\u00e9al avec un entra\u00eeneur certifi\u00e9 pour atteindre vos objectifs sant\u00e9 et performance.","breadcrumb":{"@id":"https:\/\/cliniquereset.com\/our-services\/entrainement-prive\/#breadcrumb"},"inLanguage":"en-CA","potentialAction":[{"@type":"ReadAction","target":["https:\/\/cliniquereset.com\/our-services\/entrainement-prive\/"]}]},{"@type":"ImageObject","inLanguage":"en-CA","@id":"https:\/\/cliniquereset.com\/our-services\/entrainement-prive\/#primaryimage","url":"https:\/\/cliniquereset.com\/wp-content\/uploads\/2025\/07\/Untitled-design.png","contentUrl":"https:\/\/cliniquereset.com\/wp-content\/uploads\/2025\/07\/Untitled-design.png"},{"@type":"BreadcrumbList","@id":"https:\/\/cliniquereset.com\/our-services\/entrainement-prive\/#breadcrumb","itemListElement":[{"@type":"ListItem","position":1,"name":"Home","item":"https:\/\/cliniquereset.com\/"},{"@type":"ListItem","position":2,"name":"Nos services","item":"https:\/\/cliniquereset.com\/our-services\/"},{"@type":"ListItem","position":3,"name":"Entrainement Priv\u00e9 \u00e0 Montr\u00e9al"}]},{"@type":"WebSite","@id":"https:\/\/cliniquereset.com\/#website","url":"https:\/\/cliniquereset.com\/","name":"Clinique RESET","description":"Sports Clinic in Montreal Kinesiology Kinesitherapy Sport Massage Therapy Clinique RESET offers sports massages that meet the needs of athletes.","publisher":{"@id":"https:\/\/cliniquereset.com\/#organization"},"potentialAction":[{"@type":"SearchAction","target":{"@type":"EntryPoint","urlTemplate":"https:\/\/cliniquereset.com\/?s={search_term_string}"},"query-input":{"@type":"PropertyValueSpecification","valueRequired":true,"valueName":"search_term_string"}}],"inLanguage":"en-CA"},{"@type":"Organization","@id":"https:\/\/cliniquereset.com\/#organization","name":"Clinique RESET","url":"https:\/\/cliniquereset.com\/","logo":{"@type":"ImageObject","inLanguage":"en-CA","@id":"https:\/\/cliniquereset.com\/#\/schema\/logo\/image\/","url":"https:\/\/cliniquereset.com\/wp-content\/uploads\/2023\/08\/CLINIQUE-RESET-LOGO.png","contentUrl":"https:\/\/cliniquereset.com\/wp-content\/uploads\/2023\/08\/CLINIQUE-RESET-LOGO.png","width":160,"height":160,"caption":"Clinique RESET"},"image":{"@id":"https:\/\/cliniquereset.com\/#\/schema\/logo\/image\/"},"sameAs":["https:\/\/www.facebook.com\/cliniqueRESET","https:\/\/www.youtube.com\/@CliniqueReset-gz7gs","https:\/\/www.instagram.com\/clinique_reset\/","https:\/\/www.linkedin.com\/in\/clinique-r-e-s-e-t-a8ab5b232\/"]}]}},"_links":{"self":[{"href":"https:\/\/cliniquereset.com\/en\/wp-json\/wp\/v2\/pages\/1254","targetHints":{"allow":["GET"]}}],"collection":[{"href":"https:\/\/cliniquereset.com\/en\/wp-json\/wp\/v2\/pages"}],"about":[{"href":"https:\/\/cliniquereset.com\/en\/wp-json\/wp\/v2\/types\/page"}],"author":[{"embeddable":true,"href":"https:\/\/cliniquereset.com\/en\/wp-json\/wp\/v2\/users\/1"}],"replies":[{"embeddable":true,"href":"https:\/\/cliniquereset.com\/en\/wp-json\/wp\/v2\/comments?post=1254"}],"version-history":[{"count":22,"href":"https:\/\/cliniquereset.com\/en\/wp-json\/wp\/v2\/pages\/1254\/revisions"}],"predecessor-version":[{"id":2521,"href":"https:\/\/cliniquereset.com\/en\/wp-json\/wp\/v2\/pages\/1254\/revisions\/2521"}],"up":[{"embeddable":true,"href":"https:\/\/cliniquereset.com\/en\/wp-json\/wp\/v2\/pages\/26"}],"wp:attachment":[{"href":"https:\/\/cliniquereset.com\/en\/wp-json\/wp\/v2\/media?parent=1254"}],"curies":[{"name":"wp","href":"https:\/\/api.w.org\/{rel}","templated":true}]}}