{"id":1486,"date":"2024-02-28T19:07:18","date_gmt":"2024-02-28T19:07:18","guid":{"rendered":"https:\/\/cliniquereset.com\/?page_id=1486"},"modified":"2025-10-21T12:41:34","modified_gmt":"2025-10-21T12:41:34","slug":"maderotherapie","status":"publish","type":"page","link":"https:\/\/cliniquereset.com\/en\/our-services\/maderotherapie\/","title":{"rendered":"Maderotherapy"},"content":{"rendered":"<div data-elementor-type=\"wp-page\" data-elementor-id=\"1486\" class=\"elementor elementor-1486\" data-elementor-post-type=\"page\">\n\t\t\t\t\t\t<section class=\"elementor-section elementor-top-section elementor-element elementor-element-b9443e1 elementor-section-boxed elementor-section-height-default elementor-section-height-default\" data-id=\"b9443e1\" data-element_type=\"section\">\n\t\t\t\t\t\t<div class=\"elementor-container elementor-column-gap-default\">\n\t\t\t\t\t<div class=\"elementor-column elementor-col-50 elementor-top-column elementor-element elementor-element-2a70fdb\" data-id=\"2a70fdb\" data-element_type=\"column\">\n\t\t\t<div class=\"elementor-widget-wrap elementor-element-populated\">\n\t\t\t\t\t\t<div class=\"elementor-element elementor-element-b3018bd elementor-widget elementor-widget-image\" data-id=\"b3018bd\" data-element_type=\"widget\" data-widget_type=\"image.default\">\n\t\t\t\t<div class=\"elementor-widget-container\">\n\t\t\t\t\t\t\t\t\t\t\t\t\t\t\t<img fetchpriority=\"high\" decoding=\"async\" width=\"700\" height=\"816\" src=\"https:\/\/cliniquereset.com\/wp-content\/uploads\/2024\/02\/Maderotherapie.jpg\" class=\"attachment-large size-large wp-image-1490\" alt=\"\" srcset=\"https:\/\/cliniquereset.com\/wp-content\/uploads\/2024\/02\/Maderotherapie.jpg 700w, https:\/\/cliniquereset.com\/wp-content\/uploads\/2024\/02\/Maderotherapie-600x699.jpg 600w, https:\/\/cliniquereset.com\/wp-content\/uploads\/2024\/02\/Maderotherapie-257x300.jpg 257w, https:\/\/cliniquereset.com\/wp-content\/uploads\/2024\/02\/Maderotherapie-10x12.jpg 10w\" sizes=\"(max-width: 700px) 100vw, 700px\" \/>\t\t\t\t\t\t\t\t\t\t\t\t\t\t\t<\/div>\n\t\t\t\t<\/div>\n\t\t\t\t\t<\/div>\n\t\t<\/div>\n\t\t\t\t<div class=\"elementor-column elementor-col-50 elementor-top-column elementor-element elementor-element-690182e\" data-id=\"690182e\" data-element_type=\"column\">\n\t\t\t<div class=\"elementor-widget-wrap elementor-element-populated\">\n\t\t\t\t\t\t<div class=\"elementor-element elementor-element-6f1ad2e elementor-widget elementor-widget-heading\" data-id=\"6f1ad2e\" data-element_type=\"widget\" data-widget_type=\"heading.default\">\n\t\t\t\t<div class=\"elementor-widget-container\">\n\t\t\t\t\t<h2 class=\"elementor-heading-title elementor-size-default\">The R.E.S.E.T. Clinic offers maderotherapy treatments in Montreal.<\/h2>\t\t\t\t<\/div>\n\t\t\t\t<\/div>\n\t\t\t\t<div class=\"elementor-element elementor-element-54cc5a4 elementor-widget elementor-widget-text-editor\" data-id=\"54cc5a4\" data-element_type=\"widget\" data-widget_type=\"text-editor.default\">\n\t\t\t\t<div class=\"elementor-widget-container\">\n\t\t\t\t\t\t\t\t\t<p>Therapeutic maderotherapy is a technique of Colombian origin practiced with wooden instruments. The many benefits of this massage include stimulating blood and lymph circulation, helping to evacuate waste products and toxins, reducing muscular contractures and easing the sensation of heavy legs.<\/p><p>This technique is also of interest in pre- or post-competition situations, offering improved recovery and reduced fatigue after exercise.<\/p>\t\t\t\t\t\t\t\t<\/div>\n\t\t\t\t<\/div>\n\t\t\t\t<div class=\"elementor-element elementor-element-17c056f elementor-mobile-align-center elementor-align-left elementor-widget elementor-widget-button\" data-id=\"17c056f\" data-element_type=\"widget\" data-widget_type=\"button.default\">\n\t\t\t\t<div class=\"elementor-widget-container\">\n\t\t\t\t\t\t\t\t\t<div class=\"elementor-button-wrapper\">\n\t\t\t\t\t<a class=\"elementor-button elementor-button-link elementor-size-sm\" href=\"https:\/\/clinique-reset.janeapp.com\/#\/kinesiologie-kinesiology\" target=\"_blank\">\n\t\t\t\t\t\t<span class=\"elementor-button-content-wrapper\">\n\t\t\t\t\t\t\t\t\t<span class=\"elementor-button-text\">book an appointment<\/span>\n\t\t\t\t\t<\/span>\n\t\t\t\t\t<\/a>\n\t\t\t\t<\/div>\n\t\t\t\t\t\t\t\t<\/div>\n\t\t\t\t<\/div>\n\t\t\t\t\t<\/div>\n\t\t<\/div>\n\t\t\t\t\t<\/div>\n\t\t<\/section>\n\t\t\t\t<\/div>","protected":false},"excerpt":{"rendered":"<p>La Clinique R.E.S.E.T. offre des traitements de mad\u00e9roth\u00e9rapie \u00e0 Montr\u00e9al La mad\u00e9roth\u00e9rapie th\u00e9rapeutique est une technique d&rsquo;origine Colombienne pratiqu\u00e9e \u00e0 l&rsquo;aide d&rsquo;instruments de bois. Ce massage aux nombreux b\u00e9n\u00e9fices permet de stimuler la circulation sanguine et lymphatique, d\u2019aider \u00e0 l\u2019\u00e9vacuations des d\u00e9chets et toxines, de diminuer les contractures musculaires ou encore de diminuer les sensations [&hellip;]<\/p>","protected":false},"author":1,"featured_media":0,"parent":26,"menu_order":0,"comment_status":"closed","ping_status":"closed","template":"","meta":{"inline_featured_image":false,"site-sidebar-layout":"no-sidebar","site-content-layout":"page-builder","ast-site-content-layout":"default","site-content-style":"default","site-sidebar-style":"default","ast-global-header-display":"","ast-banner-title-visibility":"","ast-main-header-display":"","ast-hfb-above-header-display":"","ast-hfb-below-header-display":"","ast-hfb-mobile-header-display":"","site-post-title":"disabled","ast-breadcrumbs-content":"","ast-featured-img":"disabled","footer-sml-layout":"","ast-disable-related-posts":"","theme-transparent-header-meta":"default","adv-header-id-meta":"","stick-header-meta":"","header-above-stick-meta":"","header-main-stick-meta":"","header-below-stick-meta":"","astra-migrate-meta-layouts":"set","ast-page-background-enabled":"default","ast-page-background-meta":{"desktop":{"background-color":"var(--ast-global-color-4)","background-image":"","background-repeat":"repeat","background-position":"center center","background-size":"auto","background-attachment":"scroll","background-type":"","background-media":"","overlay-type":"","overlay-color":"","overlay-opacity":"","overlay-gradient":""},"tablet":{"background-color":"","background-image":"","background-repeat":"repeat","background-position":"center center","background-size":"auto","background-attachment":"scroll","background-type":"","background-media":"","overlay-type":"","overlay-color":"","overlay-opacity":"","overlay-gradient":""},"mobile":{"background-color":"","background-image":"","background-repeat":"repeat","background-position":"center center","background-size":"auto","background-attachment":"scroll","background-type":"","background-media":"","overlay-type":"","overlay-color":"","overlay-opacity":"","overlay-gradient":""}},"ast-content-background-meta":{"desktop":{"background-color":"var(--ast-global-color-5)","background-image":"","background-repeat":"repeat","background-position":"center center","background-size":"auto","background-attachment":"scroll","background-type":"","background-media":"","overlay-type":"","overlay-color":"","overlay-opacity":"","overlay-gradient":""},"tablet":{"background-color":"var(--ast-global-color-5)","background-image":"","background-repeat":"repeat","background-position":"center center","background-size":"auto","background-attachment":"scroll","background-type":"","background-media":"","overlay-type":"","overlay-color":"","overlay-opacity":"","overlay-gradient":""},"mobile":{"background-color":"var(--ast-global-color-5)","background-image":"","background-repeat":"repeat","background-position":"center center","background-size":"auto","background-attachment":"scroll","background-type":"","background-media":"","overlay-type":"","overlay-color":"","overlay-opacity":"","overlay-gradient":""}},"footnotes":""},"class_list":["post-1486","page","type-page","status-publish","hentry"],"yoast_head":"<!-- This site is optimized with the Yoast SEO plugin v26.7 - https:\/\/yoast.com\/wordpress\/plugins\/seo\/ -->\n<title>Mad\u00e9roth\u00e9rapie - Clinique RESET<\/title>\n<meta name=\"description\" content=\"D\u00e9couvrez la mad\u00e9roth\u00e9rapie \u00e0 Montr\u00e9al : une technique naturelle de massage aux outils en bois pour tonifier le corps, stimuler la circulation et r\u00e9duire la cellulite.\" \/>\n<meta name=\"robots\" content=\"index, follow, max-snippet:-1, max-image-preview:large, max-video-preview:-1\" \/>\n<link rel=\"canonical\" href=\"https:\/\/cliniquereset.com\/en\/our-services\/maderotherapie\/\" \/>\n<meta property=\"og:locale\" content=\"en_US\" \/>\n<meta property=\"og:type\" content=\"article\" \/>\n<meta property=\"og:title\" content=\"Mad\u00e9roth\u00e9rapie - Clinique RESET\" \/>\n<meta property=\"og:description\" content=\"D\u00e9couvrez la mad\u00e9roth\u00e9rapie \u00e0 Montr\u00e9al : une technique naturelle de massage aux outils en bois pour tonifier le corps, stimuler la circulation et r\u00e9duire la cellulite.\" \/>\n<meta property=\"og:url\" content=\"https:\/\/cliniquereset.com\/en\/our-services\/maderotherapie\/\" \/>\n<meta property=\"og:site_name\" content=\"Clinique RESET\" \/>\n<meta property=\"article:publisher\" content=\"https:\/\/www.facebook.com\/cliniqueRESET\" \/>\n<meta property=\"article:modified_time\" content=\"2025-10-21T12:41:34+00:00\" \/>\n<meta property=\"og:image\" content=\"https:\/\/cliniquereset.com\/wp-content\/uploads\/2024\/02\/Maderotherapie.jpg\" \/>\n<meta name=\"twitter:card\" content=\"summary_large_image\" \/>\n<meta name=\"twitter:label1\" content=\"Est. reading time\" \/>\n\t<meta name=\"twitter:data1\" content=\"1 minute\" \/>\n<script type=\"application\/ld+json\" class=\"yoast-schema-graph\">{\"@context\":\"https:\/\/schema.org\",\"@graph\":[{\"@type\":\"WebPage\",\"@id\":\"https:\/\/cliniquereset.com\/our-services\/maderotherapie\/\",\"url\":\"https:\/\/cliniquereset.com\/our-services\/maderotherapie\/\",\"name\":\"Mad\u00e9roth\u00e9rapie - Clinique RESET\",\"isPartOf\":{\"@id\":\"https:\/\/cliniquereset.com\/#website\"},\"primaryImageOfPage\":{\"@id\":\"https:\/\/cliniquereset.com\/our-services\/maderotherapie\/#primaryimage\"},\"image\":{\"@id\":\"https:\/\/cliniquereset.com\/our-services\/maderotherapie\/#primaryimage\"},\"thumbnailUrl\":\"https:\/\/cliniquereset.com\/wp-content\/uploads\/2024\/02\/Maderotherapie.jpg\",\"datePublished\":\"2024-02-28T19:07:18+00:00\",\"dateModified\":\"2025-10-21T12:41:34+00:00\",\"description\":\"D\u00e9couvrez la mad\u00e9roth\u00e9rapie \u00e0 Montr\u00e9al : une technique naturelle de massage aux outils en bois pour tonifier le corps, stimuler la circulation et r\u00e9duire la cellulite.\",\"breadcrumb\":{\"@id\":\"https:\/\/cliniquereset.com\/our-services\/maderotherapie\/#breadcrumb\"},\"inLanguage\":\"en-CA\",\"potentialAction\":[{\"@type\":\"ReadAction\",\"target\":[\"https:\/\/cliniquereset.com\/our-services\/maderotherapie\/\"]}]},{\"@type\":\"ImageObject\",\"inLanguage\":\"en-CA\",\"@id\":\"https:\/\/cliniquereset.com\/our-services\/maderotherapie\/#primaryimage\",\"url\":\"https:\/\/cliniquereset.com\/wp-content\/uploads\/2024\/02\/Maderotherapie.jpg\",\"contentUrl\":\"https:\/\/cliniquereset.com\/wp-content\/uploads\/2024\/02\/Maderotherapie.jpg\"},{\"@type\":\"BreadcrumbList\",\"@id\":\"https:\/\/cliniquereset.com\/our-services\/maderotherapie\/#breadcrumb\",\"itemListElement\":[{\"@type\":\"ListItem\",\"position\":1,\"name\":\"Home\",\"item\":\"https:\/\/cliniquereset.com\/\"},{\"@type\":\"ListItem\",\"position\":2,\"name\":\"Nos services\",\"item\":\"https:\/\/cliniquereset.com\/our-services\/\"},{\"@type\":\"ListItem\",\"position\":3,\"name\":\"Mad\u00e9roth\u00e9rapie\"}]},{\"@type\":\"WebSite\",\"@id\":\"https:\/\/cliniquereset.com\/#website\",\"url\":\"https:\/\/cliniquereset.com\/\",\"name\":\"Clinique RESET\",\"description\":\"Sports Clinic in Montreal Kinesiology Kinesitherapy Sport Massage Therapy Clinique RESET offers sports massages that meet the needs of athletes.\",\"publisher\":{\"@id\":\"https:\/\/cliniquereset.com\/#organization\"},\"potentialAction\":[{\"@type\":\"SearchAction\",\"target\":{\"@type\":\"EntryPoint\",\"urlTemplate\":\"https:\/\/cliniquereset.com\/?s={search_term_string}\"},\"query-input\":{\"@type\":\"PropertyValueSpecification\",\"valueRequired\":true,\"valueName\":\"search_term_string\"}}],\"inLanguage\":\"en-CA\"},{\"@type\":\"Organization\",\"@id\":\"https:\/\/cliniquereset.com\/#organization\",\"name\":\"Clinique RESET\",\"url\":\"https:\/\/cliniquereset.com\/\",\"logo\":{\"@type\":\"ImageObject\",\"inLanguage\":\"en-CA\",\"@id\":\"https:\/\/cliniquereset.com\/#\/schema\/logo\/image\/\",\"url\":\"https:\/\/cliniquereset.com\/wp-content\/uploads\/2023\/08\/CLINIQUE-RESET-LOGO.png\",\"contentUrl\":\"https:\/\/cliniquereset.com\/wp-content\/uploads\/2023\/08\/CLINIQUE-RESET-LOGO.png\",\"width\":160,\"height\":160,\"caption\":\"Clinique RESET\"},\"image\":{\"@id\":\"https:\/\/cliniquereset.com\/#\/schema\/logo\/image\/\"},\"sameAs\":[\"https:\/\/www.facebook.com\/cliniqueRESET\",\"https:\/\/www.youtube.com\/@CliniqueReset-gz7gs\",\"https:\/\/www.instagram.com\/clinique_reset\/\",\"https:\/\/www.linkedin.com\/in\/clinique-r-e-s-e-t-a8ab5b232\/\"]}]}<\/script>\n<!-- \/ Yoast SEO plugin. -->","yoast_head_json":{"title":"Mad\u00e9roth\u00e9rapie - Clinique RESET","description":"D\u00e9couvrez la mad\u00e9roth\u00e9rapie \u00e0 Montr\u00e9al : une technique naturelle de massage aux outils en bois pour tonifier le corps, stimuler la circulation et r\u00e9duire la cellulite.","robots":{"index":"index","follow":"follow","max-snippet":"max-snippet:-1","max-image-preview":"max-image-preview:large","max-video-preview":"max-video-preview:-1"},"canonical":"https:\/\/cliniquereset.com\/en\/our-services\/maderotherapie\/","og_locale":"en_US","og_type":"article","og_title":"Mad\u00e9roth\u00e9rapie - Clinique RESET","og_description":"D\u00e9couvrez la mad\u00e9roth\u00e9rapie \u00e0 Montr\u00e9al : une technique naturelle de massage aux outils en bois pour tonifier le corps, stimuler la circulation et r\u00e9duire la cellulite.","og_url":"https:\/\/cliniquereset.com\/en\/our-services\/maderotherapie\/","og_site_name":"Clinique RESET","article_publisher":"https:\/\/www.facebook.com\/cliniqueRESET","article_modified_time":"2025-10-21T12:41:34+00:00","og_image":[{"url":"https:\/\/cliniquereset.com\/wp-content\/uploads\/2024\/02\/Maderotherapie.jpg","type":"","width":"","height":""}],"twitter_card":"summary_large_image","twitter_misc":{"Est. reading time":"1 minute"},"schema":{"@context":"https:\/\/schema.org","@graph":[{"@type":"WebPage","@id":"https:\/\/cliniquereset.com\/our-services\/maderotherapie\/","url":"https:\/\/cliniquereset.com\/our-services\/maderotherapie\/","name":"Mad\u00e9roth\u00e9rapie - Clinique RESET","isPartOf":{"@id":"https:\/\/cliniquereset.com\/#website"},"primaryImageOfPage":{"@id":"https:\/\/cliniquereset.com\/our-services\/maderotherapie\/#primaryimage"},"image":{"@id":"https:\/\/cliniquereset.com\/our-services\/maderotherapie\/#primaryimage"},"thumbnailUrl":"https:\/\/cliniquereset.com\/wp-content\/uploads\/2024\/02\/Maderotherapie.jpg","datePublished":"2024-02-28T19:07:18+00:00","dateModified":"2025-10-21T12:41:34+00:00","description":"D\u00e9couvrez la mad\u00e9roth\u00e9rapie \u00e0 Montr\u00e9al : une technique naturelle de massage aux outils en bois pour tonifier le corps, stimuler la circulation et r\u00e9duire la cellulite.","breadcrumb":{"@id":"https:\/\/cliniquereset.com\/our-services\/maderotherapie\/#breadcrumb"},"inLanguage":"en-CA","potentialAction":[{"@type":"ReadAction","target":["https:\/\/cliniquereset.com\/our-services\/maderotherapie\/"]}]},{"@type":"ImageObject","inLanguage":"en-CA","@id":"https:\/\/cliniquereset.com\/our-services\/maderotherapie\/#primaryimage","url":"https:\/\/cliniquereset.com\/wp-content\/uploads\/2024\/02\/Maderotherapie.jpg","contentUrl":"https:\/\/cliniquereset.com\/wp-content\/uploads\/2024\/02\/Maderotherapie.jpg"},{"@type":"BreadcrumbList","@id":"https:\/\/cliniquereset.com\/our-services\/maderotherapie\/#breadcrumb","itemListElement":[{"@type":"ListItem","position":1,"name":"Home","item":"https:\/\/cliniquereset.com\/"},{"@type":"ListItem","position":2,"name":"Nos services","item":"https:\/\/cliniquereset.com\/our-services\/"},{"@type":"ListItem","position":3,"name":"Mad\u00e9roth\u00e9rapie"}]},{"@type":"WebSite","@id":"https:\/\/cliniquereset.com\/#website","url":"https:\/\/cliniquereset.com\/","name":"Clinique RESET","description":"Sports Clinic in Montreal Kinesiology Kinesitherapy Sport Massage Therapy Clinique RESET offers sports massages that meet the needs of athletes.","publisher":{"@id":"https:\/\/cliniquereset.com\/#organization"},"potentialAction":[{"@type":"SearchAction","target":{"@type":"EntryPoint","urlTemplate":"https:\/\/cliniquereset.com\/?s={search_term_string}"},"query-input":{"@type":"PropertyValueSpecification","valueRequired":true,"valueName":"search_term_string"}}],"inLanguage":"en-CA"},{"@type":"Organization","@id":"https:\/\/cliniquereset.com\/#organization","name":"Clinique RESET","url":"https:\/\/cliniquereset.com\/","logo":{"@type":"ImageObject","inLanguage":"en-CA","@id":"https:\/\/cliniquereset.com\/#\/schema\/logo\/image\/","url":"https:\/\/cliniquereset.com\/wp-content\/uploads\/2023\/08\/CLINIQUE-RESET-LOGO.png","contentUrl":"https:\/\/cliniquereset.com\/wp-content\/uploads\/2023\/08\/CLINIQUE-RESET-LOGO.png","width":160,"height":160,"caption":"Clinique RESET"},"image":{"@id":"https:\/\/cliniquereset.com\/#\/schema\/logo\/image\/"},"sameAs":["https:\/\/www.facebook.com\/cliniqueRESET","https:\/\/www.youtube.com\/@CliniqueReset-gz7gs","https:\/\/www.instagram.com\/clinique_reset\/","https:\/\/www.linkedin.com\/in\/clinique-r-e-s-e-t-a8ab5b232\/"]}]}},"_links":{"self":[{"href":"https:\/\/cliniquereset.com\/en\/wp-json\/wp\/v2\/pages\/1486","targetHints":{"allow":["GET"]}}],"collection":[{"href":"https:\/\/cliniquereset.com\/en\/wp-json\/wp\/v2\/pages"}],"about":[{"href":"https:\/\/cliniquereset.com\/en\/wp-json\/wp\/v2\/types\/page"}],"author":[{"embeddable":true,"href":"https:\/\/cliniquereset.com\/en\/wp-json\/wp\/v2\/users\/1"}],"replies":[{"embeddable":true,"href":"https:\/\/cliniquereset.com\/en\/wp-json\/wp\/v2\/comments?post=1486"}],"version-history":[{"count":4,"href":"https:\/\/cliniquereset.com\/en\/wp-json\/wp\/v2\/pages\/1486\/revisions"}],"predecessor-version":[{"id":2307,"href":"https:\/\/cliniquereset.com\/en\/wp-json\/wp\/v2\/pages\/1486\/revisions\/2307"}],"up":[{"embeddable":true,"href":"https:\/\/cliniquereset.com\/en\/wp-json\/wp\/v2\/pages\/26"}],"wp:attachment":[{"href":"https:\/\/cliniquereset.com\/en\/wp-json\/wp\/v2\/media?parent=1486"}],"curies":[{"name":"wp","href":"https:\/\/api.w.org\/{rel}","templated":true}]}}