{"id":1955,"date":"2025-05-07T21:09:14","date_gmt":"2025-05-07T21:09:14","guid":{"rendered":"https:\/\/cliniquereset.com\/?page_id=1955"},"modified":"2025-10-21T12:33:19","modified_gmt":"2025-10-21T12:33:19","slug":"physiotherapie","status":"publish","type":"page","link":"https:\/\/cliniquereset.com\/en\/our-services\/physiotherapie\/","title":{"rendered":"Physiotherapy in Montreal"},"content":{"rendered":"<div data-elementor-type=\"wp-page\" data-elementor-id=\"1955\" class=\"elementor elementor-1955\" data-elementor-post-type=\"page\">\n\t\t\t\t\t\t<section class=\"elementor-section elementor-top-section elementor-element elementor-element-b81abae elementor-section-boxed elementor-section-height-default elementor-section-height-default\" data-id=\"b81abae\" data-element_type=\"section\" data-e-type=\"section\">\n\t\t\t\t\t\t<div class=\"elementor-container elementor-column-gap-default\">\n\t\t\t\t\t<div class=\"elementor-column elementor-col-50 elementor-top-column elementor-element elementor-element-12e92cf\" data-id=\"12e92cf\" data-element_type=\"column\" data-e-type=\"column\">\n\t\t\t<div class=\"elementor-widget-wrap elementor-element-populated\">\n\t\t\t\t\t\t<div class=\"elementor-element elementor-element-6dfdc81 elementor-widget elementor-widget-image\" data-id=\"6dfdc81\" data-element_type=\"widget\" data-e-type=\"widget\" data-widget_type=\"image.default\">\n\t\t\t\t<div class=\"elementor-widget-container\">\n\t\t\t\t\t\t\t\t\t\t\t\t\t\t\t<img fetchpriority=\"high\" decoding=\"async\" width=\"700\" height=\"816\" src=\"https:\/\/cliniquereset.com\/wp-content\/uploads\/2025\/05\/kinesitherapeute.jpg\" class=\"attachment-large size-large wp-image-1957\" alt=\"kin\u00e9sitherapeute\" srcset=\"https:\/\/cliniquereset.com\/wp-content\/uploads\/2025\/05\/kinesitherapeute.jpg 700w, https:\/\/cliniquereset.com\/wp-content\/uploads\/2025\/05\/kinesitherapeute-600x699.jpg 600w, https:\/\/cliniquereset.com\/wp-content\/uploads\/2025\/05\/kinesitherapeute-257x300.jpg 257w, https:\/\/cliniquereset.com\/wp-content\/uploads\/2025\/05\/kinesitherapeute-10x12.jpg 10w\" sizes=\"(max-width: 700px) 100vw, 700px\" \/>\t\t\t\t\t\t\t\t\t\t\t\t\t\t\t<\/div>\n\t\t\t\t<\/div>\n\t\t\t\t\t<\/div>\n\t\t<\/div>\n\t\t\t\t<div class=\"elementor-column elementor-col-50 elementor-top-column elementor-element elementor-element-e327585\" data-id=\"e327585\" data-element_type=\"column\" data-e-type=\"column\">\n\t\t\t<div class=\"elementor-widget-wrap elementor-element-populated\">\n\t\t\t\t\t\t<div class=\"elementor-element elementor-element-ad0d311 elementor-widget elementor-widget-heading\" data-id=\"ad0d311\" data-element_type=\"widget\" data-e-type=\"widget\" data-widget_type=\"heading.default\">\n\t\t\t\t<div class=\"elementor-widget-container\">\n\t\t\t\t\t<h2 class=\"elementor-heading-title elementor-size-default\">What is Physiotherapy?<\/h2>\t\t\t\t<\/div>\n\t\t\t\t<\/div>\n\t\t\t\t<div class=\"elementor-element elementor-element-ca92f30 elementor-widget__width-initial elementor-widget elementor-widget-text-editor\" data-id=\"ca92f30\" data-element_type=\"widget\" data-e-type=\"widget\" data-widget_type=\"text-editor.default\">\n\t\t\t\t<div class=\"elementor-widget-container\">\n\t\t\t\t\t\t\t\t\t<p>Physiotherapy is a healthcare discipline aimed at restoring, maintaining, and optimizing a person\u2019s mobility, physical function, and overall well-being. It is beneficial both for individuals undergoing rehabilitation and for those looking to prevent injuries or enhance their performance.<\/p><p>Using a movement-based approach, the physiotherapist assesses the condition of the musculoskeletal system (muscles, joints, nerves) and develops a personalized treatment plan. This plan may include therapeutic exercises, manual techniques, education, postural advice, as well as modalities such as ultrasound, electrotherapy, or taping.<\/p><p><strong>Physiotherapy can help with:<\/strong><\/p><ul><li>Chronic or acute pain (back, knees, shoulders, etc.)<\/li><li><span style=\"font-size: 16px;\">Sports or work-related injuries<\/span><\/li><li>Rehabilitation after surgery or accidents<\/li><li>Neurological or postural disorders<br \/>Enhancing physical performance<\/li><li>Accessible to everyone, physiotherapy plays a key role in prevention, recovery, and maintaining an active, healthy lifestyle.<\/li><\/ul>\t\t\t\t\t\t\t\t<\/div>\n\t\t\t\t<\/div>\n\t\t\t\t<div class=\"elementor-element elementor-element-c3baaa0 elementor-mobile-align-center elementor-align-left elementor-widget elementor-widget-button\" data-id=\"c3baaa0\" data-element_type=\"widget\" data-e-type=\"widget\" data-widget_type=\"button.default\">\n\t\t\t\t<div class=\"elementor-widget-container\">\n\t\t\t\t\t\t\t\t\t<div class=\"elementor-button-wrapper\">\n\t\t\t\t\t<a class=\"elementor-button elementor-button-link elementor-size-sm\" href=\"https:\/\/clinique-reset.janeapp.com\/#\/physiotherapy-physiotherapie\" target=\"_blank\">\n\t\t\t\t\t\t<span class=\"elementor-button-content-wrapper\">\n\t\t\t\t\t\t\t\t\t<span class=\"elementor-button-text\">book an appointment<\/span>\n\t\t\t\t\t<\/span>\n\t\t\t\t\t<\/a>\n\t\t\t\t<\/div>\n\t\t\t\t\t\t\t\t<\/div>\n\t\t\t\t<\/div>\n\t\t\t\t\t<\/div>\n\t\t<\/div>\n\t\t\t\t\t<\/div>\n\t\t<\/section>\n\t\t\t\t<\/div>","protected":false},"excerpt":{"rendered":"<p>Qu\u2019est-ce que la physioth\u00e9rapie ? La physioth\u00e9rapie est une discipline de la sant\u00e9 qui vise \u00e0 restaurer, maintenir et optimiser la mobilit\u00e9, la fonction physique et le bien-\u00eatre global d\u2019une personne. Elle s\u2019adresse autant aux personnes en r\u00e9\u00e9ducation qu\u2019\u00e0 celles qui souhaitent pr\u00e9venir les blessures ou am\u00e9liorer leurs performances. Gr\u00e2ce \u00e0 une approche bas\u00e9e sur [&hellip;]<\/p>\n","protected":false},"author":1,"featured_media":0,"parent":26,"menu_order":0,"comment_status":"closed","ping_status":"closed","template":"","meta":{"inline_featured_image":false,"site-sidebar-layout":"no-sidebar","site-content-layout":"","ast-site-content-layout":"full-width-container","site-content-style":"default","site-sidebar-style":"default","ast-global-header-display":"","ast-banner-title-visibility":"","ast-main-header-display":"","ast-hfb-above-header-display":"","ast-hfb-below-header-display":"","ast-hfb-mobile-header-display":"","site-post-title":"disabled","ast-breadcrumbs-content":"","ast-featured-img":"disabled","footer-sml-layout":"","ast-disable-related-posts":"","theme-transparent-header-meta":"default","adv-header-id-meta":"","stick-header-meta":"","header-above-stick-meta":"","header-main-stick-meta":"","header-below-stick-meta":"","astra-migrate-meta-layouts":"set","ast-page-background-enabled":"default","ast-page-background-meta":{"desktop":{"background-color":"var(--ast-global-color-4)","background-image":"","background-repeat":"repeat","background-position":"center center","background-size":"auto","background-attachment":"scroll","background-type":"","background-media":"","overlay-type":"","overlay-color":"","overlay-opacity":"","overlay-gradient":""},"tablet":{"background-color":"","background-image":"","background-repeat":"repeat","background-position":"center center","background-size":"auto","background-attachment":"scroll","background-type":"","background-media":"","overlay-type":"","overlay-color":"","overlay-opacity":"","overlay-gradient":""},"mobile":{"background-color":"","background-image":"","background-repeat":"repeat","background-position":"center center","background-size":"auto","background-attachment":"scroll","background-type":"","background-media":"","overlay-type":"","overlay-color":"","overlay-opacity":"","overlay-gradient":""}},"ast-content-background-meta":{"desktop":{"background-color":"var(--ast-global-color-5)","background-image":"","background-repeat":"repeat","background-position":"center center","background-size":"auto","background-attachment":"scroll","background-type":"","background-media":"","overlay-type":"","overlay-color":"","overlay-opacity":"","overlay-gradient":""},"tablet":{"background-color":"var(--ast-global-color-5)","background-image":"","background-repeat":"repeat","background-position":"center center","background-size":"auto","background-attachment":"scroll","background-type":"","background-media":"","overlay-type":"","overlay-color":"","overlay-opacity":"","overlay-gradient":""},"mobile":{"background-color":"var(--ast-global-color-5)","background-image":"","background-repeat":"repeat","background-position":"center center","background-size":"auto","background-attachment":"scroll","background-type":"","background-media":"","overlay-type":"","overlay-color":"","overlay-opacity":"","overlay-gradient":""}},"footnotes":""},"class_list":["post-1955","page","type-page","status-publish","hentry"],"yoast_head":"<!-- This site is optimized with the Yoast SEO plugin v27.5 - https:\/\/yoast.com\/product\/yoast-seo-wordpress\/ -->\n<title>Physioth\u00e9rapie \u00e0 Montr\u00e9al - Clinique RESET<\/title>\n<meta name=\"description\" content=\"Traitements de physioth\u00e9rapie \u00e0 Montr\u00e9al pour soulager la douleur, am\u00e9liorer la mobilit\u00e9 et favoriser une r\u00e9cup\u00e9ration durable.\" \/>\n<meta name=\"robots\" content=\"index, follow, max-snippet:-1, max-image-preview:large, max-video-preview:-1\" \/>\n<link rel=\"canonical\" href=\"https:\/\/cliniquereset.com\/en\/our-services\/physiotherapie\/\" \/>\n<meta property=\"og:locale\" content=\"en_US\" \/>\n<meta property=\"og:type\" content=\"article\" \/>\n<meta property=\"og:title\" content=\"Physioth\u00e9rapie \u00e0 Montr\u00e9al - Clinique RESET\" \/>\n<meta property=\"og:description\" content=\"Traitements de physioth\u00e9rapie \u00e0 Montr\u00e9al pour soulager la douleur, am\u00e9liorer la mobilit\u00e9 et favoriser une r\u00e9cup\u00e9ration durable.\" \/>\n<meta property=\"og:url\" content=\"https:\/\/cliniquereset.com\/en\/our-services\/physiotherapie\/\" \/>\n<meta property=\"og:site_name\" content=\"Clinique RESET\" \/>\n<meta property=\"article:publisher\" content=\"https:\/\/www.facebook.com\/cliniqueRESET\" \/>\n<meta property=\"article:modified_time\" content=\"2025-10-21T12:33:19+00:00\" \/>\n<meta property=\"og:image\" content=\"https:\/\/cliniquereset.com\/wp-content\/uploads\/2025\/05\/kinesitherapeute.jpg\" \/>\n<meta name=\"twitter:card\" content=\"summary_large_image\" \/>\n<meta name=\"twitter:label1\" content=\"Est. reading time\" \/>\n\t<meta name=\"twitter:data1\" content=\"1 minute\" \/>\n<script type=\"application\/ld+json\" class=\"yoast-schema-graph\">{\"@context\":\"https:\\\/\\\/schema.org\",\"@graph\":[{\"@type\":\"WebPage\",\"@id\":\"https:\\\/\\\/cliniquereset.com\\\/our-services\\\/physiotherapie\\\/\",\"url\":\"https:\\\/\\\/cliniquereset.com\\\/our-services\\\/physiotherapie\\\/\",\"name\":\"Physioth\u00e9rapie \u00e0 Montr\u00e9al - Clinique RESET\",\"isPartOf\":{\"@id\":\"https:\\\/\\\/cliniquereset.com\\\/#website\"},\"primaryImageOfPage\":{\"@id\":\"https:\\\/\\\/cliniquereset.com\\\/our-services\\\/physiotherapie\\\/#primaryimage\"},\"image\":{\"@id\":\"https:\\\/\\\/cliniquereset.com\\\/our-services\\\/physiotherapie\\\/#primaryimage\"},\"thumbnailUrl\":\"https:\\\/\\\/cliniquereset.com\\\/wp-content\\\/uploads\\\/2025\\\/05\\\/kinesitherapeute.jpg\",\"datePublished\":\"2025-05-07T21:09:14+00:00\",\"dateModified\":\"2025-10-21T12:33:19+00:00\",\"description\":\"Traitements de physioth\u00e9rapie \u00e0 Montr\u00e9al pour soulager la douleur, am\u00e9liorer la mobilit\u00e9 et favoriser une r\u00e9cup\u00e9ration durable.\",\"breadcrumb\":{\"@id\":\"https:\\\/\\\/cliniquereset.com\\\/our-services\\\/physiotherapie\\\/#breadcrumb\"},\"inLanguage\":\"en-CA\",\"potentialAction\":[{\"@type\":\"ReadAction\",\"target\":[\"https:\\\/\\\/cliniquereset.com\\\/our-services\\\/physiotherapie\\\/\"]}]},{\"@type\":\"ImageObject\",\"inLanguage\":\"en-CA\",\"@id\":\"https:\\\/\\\/cliniquereset.com\\\/our-services\\\/physiotherapie\\\/#primaryimage\",\"url\":\"https:\\\/\\\/cliniquereset.com\\\/wp-content\\\/uploads\\\/2025\\\/05\\\/kinesitherapeute.jpg\",\"contentUrl\":\"https:\\\/\\\/cliniquereset.com\\\/wp-content\\\/uploads\\\/2025\\\/05\\\/kinesitherapeute.jpg\"},{\"@type\":\"BreadcrumbList\",\"@id\":\"https:\\\/\\\/cliniquereset.com\\\/our-services\\\/physiotherapie\\\/#breadcrumb\",\"itemListElement\":[{\"@type\":\"ListItem\",\"position\":1,\"name\":\"Home\",\"item\":\"https:\\\/\\\/cliniquereset.com\\\/\"},{\"@type\":\"ListItem\",\"position\":2,\"name\":\"Nos services\",\"item\":\"https:\\\/\\\/cliniquereset.com\\\/our-services\\\/\"},{\"@type\":\"ListItem\",\"position\":3,\"name\":\"Physioth\u00e9rapie \u00e0 Montr\u00e9al\"}]},{\"@type\":\"WebSite\",\"@id\":\"https:\\\/\\\/cliniquereset.com\\\/#website\",\"url\":\"https:\\\/\\\/cliniquereset.com\\\/\",\"name\":\"Clinique RESET\",\"description\":\"Sports Clinic in Montreal Kinesiology Kinesitherapy Sport Massage Therapy Clinique RESET offers sports massages that meet the needs of athletes.\",\"publisher\":{\"@id\":\"https:\\\/\\\/cliniquereset.com\\\/#organization\"},\"potentialAction\":[{\"@type\":\"SearchAction\",\"target\":{\"@type\":\"EntryPoint\",\"urlTemplate\":\"https:\\\/\\\/cliniquereset.com\\\/?s={search_term_string}\"},\"query-input\":{\"@type\":\"PropertyValueSpecification\",\"valueRequired\":true,\"valueName\":\"search_term_string\"}}],\"inLanguage\":\"en-CA\"},{\"@type\":\"Organization\",\"@id\":\"https:\\\/\\\/cliniquereset.com\\\/#organization\",\"name\":\"Clinique RESET\",\"url\":\"https:\\\/\\\/cliniquereset.com\\\/\",\"logo\":{\"@type\":\"ImageObject\",\"inLanguage\":\"en-CA\",\"@id\":\"https:\\\/\\\/cliniquereset.com\\\/#\\\/schema\\\/logo\\\/image\\\/\",\"url\":\"https:\\\/\\\/cliniquereset.com\\\/wp-content\\\/uploads\\\/2023\\\/08\\\/CLINIQUE-RESET-LOGO.png\",\"contentUrl\":\"https:\\\/\\\/cliniquereset.com\\\/wp-content\\\/uploads\\\/2023\\\/08\\\/CLINIQUE-RESET-LOGO.png\",\"width\":160,\"height\":160,\"caption\":\"Clinique RESET\"},\"image\":{\"@id\":\"https:\\\/\\\/cliniquereset.com\\\/#\\\/schema\\\/logo\\\/image\\\/\"},\"sameAs\":[\"https:\\\/\\\/www.facebook.com\\\/cliniqueRESET\",\"https:\\\/\\\/www.youtube.com\\\/@CliniqueReset-gz7gs\",\"https:\\\/\\\/www.instagram.com\\\/clinique_reset\\\/\",\"https:\\\/\\\/www.linkedin.com\\\/in\\\/clinique-r-e-s-e-t-a8ab5b232\\\/\"]}]}<\/script>\n<!-- \/ Yoast SEO plugin. -->","yoast_head_json":{"title":"Physioth\u00e9rapie \u00e0 Montr\u00e9al - Clinique RESET","description":"Traitements de physioth\u00e9rapie \u00e0 Montr\u00e9al pour soulager la douleur, am\u00e9liorer la mobilit\u00e9 et favoriser une r\u00e9cup\u00e9ration durable.","robots":{"index":"index","follow":"follow","max-snippet":"max-snippet:-1","max-image-preview":"max-image-preview:large","max-video-preview":"max-video-preview:-1"},"canonical":"https:\/\/cliniquereset.com\/en\/our-services\/physiotherapie\/","og_locale":"en_US","og_type":"article","og_title":"Physioth\u00e9rapie \u00e0 Montr\u00e9al - Clinique RESET","og_description":"Traitements de physioth\u00e9rapie \u00e0 Montr\u00e9al pour soulager la douleur, am\u00e9liorer la mobilit\u00e9 et favoriser une r\u00e9cup\u00e9ration durable.","og_url":"https:\/\/cliniquereset.com\/en\/our-services\/physiotherapie\/","og_site_name":"Clinique RESET","article_publisher":"https:\/\/www.facebook.com\/cliniqueRESET","article_modified_time":"2025-10-21T12:33:19+00:00","og_image":[{"url":"https:\/\/cliniquereset.com\/wp-content\/uploads\/2025\/05\/kinesitherapeute.jpg","type":"","width":"","height":""}],"twitter_card":"summary_large_image","twitter_misc":{"Est. reading time":"1 minute"},"schema":{"@context":"https:\/\/schema.org","@graph":[{"@type":"WebPage","@id":"https:\/\/cliniquereset.com\/our-services\/physiotherapie\/","url":"https:\/\/cliniquereset.com\/our-services\/physiotherapie\/","name":"Physioth\u00e9rapie \u00e0 Montr\u00e9al - Clinique RESET","isPartOf":{"@id":"https:\/\/cliniquereset.com\/#website"},"primaryImageOfPage":{"@id":"https:\/\/cliniquereset.com\/our-services\/physiotherapie\/#primaryimage"},"image":{"@id":"https:\/\/cliniquereset.com\/our-services\/physiotherapie\/#primaryimage"},"thumbnailUrl":"https:\/\/cliniquereset.com\/wp-content\/uploads\/2025\/05\/kinesitherapeute.jpg","datePublished":"2025-05-07T21:09:14+00:00","dateModified":"2025-10-21T12:33:19+00:00","description":"Traitements de physioth\u00e9rapie \u00e0 Montr\u00e9al pour soulager la douleur, am\u00e9liorer la mobilit\u00e9 et favoriser une r\u00e9cup\u00e9ration durable.","breadcrumb":{"@id":"https:\/\/cliniquereset.com\/our-services\/physiotherapie\/#breadcrumb"},"inLanguage":"en-CA","potentialAction":[{"@type":"ReadAction","target":["https:\/\/cliniquereset.com\/our-services\/physiotherapie\/"]}]},{"@type":"ImageObject","inLanguage":"en-CA","@id":"https:\/\/cliniquereset.com\/our-services\/physiotherapie\/#primaryimage","url":"https:\/\/cliniquereset.com\/wp-content\/uploads\/2025\/05\/kinesitherapeute.jpg","contentUrl":"https:\/\/cliniquereset.com\/wp-content\/uploads\/2025\/05\/kinesitherapeute.jpg"},{"@type":"BreadcrumbList","@id":"https:\/\/cliniquereset.com\/our-services\/physiotherapie\/#breadcrumb","itemListElement":[{"@type":"ListItem","position":1,"name":"Home","item":"https:\/\/cliniquereset.com\/"},{"@type":"ListItem","position":2,"name":"Nos services","item":"https:\/\/cliniquereset.com\/our-services\/"},{"@type":"ListItem","position":3,"name":"Physioth\u00e9rapie \u00e0 Montr\u00e9al"}]},{"@type":"WebSite","@id":"https:\/\/cliniquereset.com\/#website","url":"https:\/\/cliniquereset.com\/","name":"Clinique RESET","description":"Sports Clinic in Montreal Kinesiology Kinesitherapy Sport Massage Therapy Clinique RESET offers sports massages that meet the needs of athletes.","publisher":{"@id":"https:\/\/cliniquereset.com\/#organization"},"potentialAction":[{"@type":"SearchAction","target":{"@type":"EntryPoint","urlTemplate":"https:\/\/cliniquereset.com\/?s={search_term_string}"},"query-input":{"@type":"PropertyValueSpecification","valueRequired":true,"valueName":"search_term_string"}}],"inLanguage":"en-CA"},{"@type":"Organization","@id":"https:\/\/cliniquereset.com\/#organization","name":"Clinique RESET","url":"https:\/\/cliniquereset.com\/","logo":{"@type":"ImageObject","inLanguage":"en-CA","@id":"https:\/\/cliniquereset.com\/#\/schema\/logo\/image\/","url":"https:\/\/cliniquereset.com\/wp-content\/uploads\/2023\/08\/CLINIQUE-RESET-LOGO.png","contentUrl":"https:\/\/cliniquereset.com\/wp-content\/uploads\/2023\/08\/CLINIQUE-RESET-LOGO.png","width":160,"height":160,"caption":"Clinique RESET"},"image":{"@id":"https:\/\/cliniquereset.com\/#\/schema\/logo\/image\/"},"sameAs":["https:\/\/www.facebook.com\/cliniqueRESET","https:\/\/www.youtube.com\/@CliniqueReset-gz7gs","https:\/\/www.instagram.com\/clinique_reset\/","https:\/\/www.linkedin.com\/in\/clinique-r-e-s-e-t-a8ab5b232\/"]}]}},"_links":{"self":[{"href":"https:\/\/cliniquereset.com\/en\/wp-json\/wp\/v2\/pages\/1955","targetHints":{"allow":["GET"]}}],"collection":[{"href":"https:\/\/cliniquereset.com\/en\/wp-json\/wp\/v2\/pages"}],"about":[{"href":"https:\/\/cliniquereset.com\/en\/wp-json\/wp\/v2\/types\/page"}],"author":[{"embeddable":true,"href":"https:\/\/cliniquereset.com\/en\/wp-json\/wp\/v2\/users\/1"}],"replies":[{"embeddable":true,"href":"https:\/\/cliniquereset.com\/en\/wp-json\/wp\/v2\/comments?post=1955"}],"version-history":[{"count":3,"href":"https:\/\/cliniquereset.com\/en\/wp-json\/wp\/v2\/pages\/1955\/revisions"}],"predecessor-version":[{"id":2295,"href":"https:\/\/cliniquereset.com\/en\/wp-json\/wp\/v2\/pages\/1955\/revisions\/2295"}],"up":[{"embeddable":true,"href":"https:\/\/cliniquereset.com\/en\/wp-json\/wp\/v2\/pages\/26"}],"wp:attachment":[{"href":"https:\/\/cliniquereset.com\/en\/wp-json\/wp\/v2\/media?parent=1955"}],"curies":[{"name":"wp","href":"https:\/\/api.w.org\/{rel}","templated":true}]}}