{"id":2099,"date":"2025-07-30T19:15:13","date_gmt":"2025-07-30T19:15:13","guid":{"rendered":"https:\/\/cliniquereset.com\/?page_id=2099"},"modified":"2026-04-01T16:20:30","modified_gmt":"2026-04-01T16:20:30","slug":"carte-cadeau-reset","status":"publish","type":"page","link":"https:\/\/cliniquereset.com\/en\/carte-cadeau-reset\/","title":{"rendered":"RESET Gift Card"},"content":{"rendered":"<div data-elementor-type=\"wp-page\" data-elementor-id=\"2099\" class=\"elementor elementor-2099\" data-elementor-post-type=\"page\">\n\t\t\t\t\t\t<section class=\"elementor-section elementor-top-section elementor-element elementor-element-3554f77 elementor-section-boxed elementor-section-height-default elementor-section-height-default\" data-id=\"3554f77\" data-element_type=\"section\">\n\t\t\t\t\t\t<div class=\"elementor-container elementor-column-gap-default\">\n\t\t\t\t\t<div class=\"elementor-column elementor-col-50 elementor-top-column elementor-element elementor-element-af87bbc\" data-id=\"af87bbc\" data-element_type=\"column\">\n\t\t\t<div class=\"elementor-widget-wrap elementor-element-populated\">\n\t\t\t\t\t\t<div class=\"elementor-element elementor-element-d9841ec elementor-widget elementor-widget-image\" data-id=\"d9841ec\" data-element_type=\"widget\" data-widget_type=\"image.default\">\n\t\t\t\t<div class=\"elementor-widget-container\">\n\t\t\t\t\t\t\t\t\t\t\t\t\t\t\t\t<a href=\"https:\/\/clinique-reset.janeapp.com\/online_gift_cards\/new\" target=\"_blank\">\n\t\t\t\t\t\t\t<img fetchpriority=\"high\" decoding=\"async\" width=\"512\" height=\"512\" src=\"https:\/\/cliniquereset.com\/wp-content\/uploads\/2025\/06\/gift-cards-v2-1.jpg\" class=\"attachment-large size-large wp-image-2045\" alt=\"\" srcset=\"https:\/\/cliniquereset.com\/wp-content\/uploads\/2025\/06\/gift-cards-v2-1.jpg 512w, https:\/\/cliniquereset.com\/wp-content\/uploads\/2025\/06\/gift-cards-v2-1-300x300.jpg 300w, https:\/\/cliniquereset.com\/wp-content\/uploads\/2025\/06\/gift-cards-v2-1-100x100.jpg 100w, https:\/\/cliniquereset.com\/wp-content\/uploads\/2025\/06\/gift-cards-v2-1-150x150.jpg 150w, https:\/\/cliniquereset.com\/wp-content\/uploads\/2025\/06\/gift-cards-v2-1-12x12.jpg 12w\" sizes=\"(max-width: 512px) 100vw, 512px\" \/>\t\t\t\t\t\t\t\t<\/a>\n\t\t\t\t\t\t\t\t\t\t\t\t\t\t\t<\/div>\n\t\t\t\t<\/div>\n\t\t\t\t\t<\/div>\n\t\t<\/div>\n\t\t\t\t<div class=\"elementor-column elementor-col-50 elementor-top-column elementor-element elementor-element-6dc246a\" data-id=\"6dc246a\" data-element_type=\"column\">\n\t\t\t<div class=\"elementor-widget-wrap elementor-element-populated\">\n\t\t\t\t\t\t<div class=\"elementor-element elementor-element-983a824 elementor-widget elementor-widget-text-editor\" data-id=\"983a824\" data-element_type=\"widget\" data-widget_type=\"text-editor.default\">\n\t\t\t\t<div class=\"elementor-widget-container\">\n\t\t\t\t\t\t\t\t\t<p class=\"price\"><span class=\"woocommerce-Price-amount amount\" aria-hidden=\"true\"><bdi><span style=\"font-size: 16px;\">Give someone you care about a real moment of well-being. A session in physiotherapy, sports therapy, or osteopathy at Clinique RESET.<\/span><br><\/bdi><\/span><\/p>\n<div class=\"woocommerce-product-details__short-description\">\n<p>- Sports massage therapy<br>- Maderotherapy<br>- Physiotherapy<br>- Sports therapy<br>- Osteopathy<\/p>\n<p><strong>Choose the length that works best:<\/strong><\/p>\n<p>Sports massage therapy | Maderotherapy | Physiotherapy | Sports therapy | Osteopathy<\/p>\n<ul>\n<li>45 minutes \u2013 $109<\/li>\n<li>60 minutes \u2013 $124<\/li>\n<li>90 minutes \u2013 $164<\/li>\n<\/ul>\n<p>PHYSIOTHERAPY<\/p>\n<ul>\n<li>Initial consult \u2013 $140<\/li>\n<li>Suivi 60 min \u2013 $125<\/li>\n<li>Suivi 45 min \u2013 $110<\/li>\n<\/ul>\n<\/div>\t\t\t\t\t\t\t\t<\/div>\n\t\t\t\t<\/div>\n\t\t\t\t<div class=\"elementor-element elementor-element-1669842 elementor-mobile-align-center elementor-align-left elementor-widget elementor-widget-button\" data-id=\"1669842\" data-element_type=\"widget\" data-widget_type=\"button.default\">\n\t\t\t\t<div class=\"elementor-widget-container\">\n\t\t\t\t\t\t\t\t\t<div class=\"elementor-button-wrapper\">\n\t\t\t\t\t<a class=\"elementor-button elementor-button-link elementor-size-sm\" href=\"https:\/\/clinique-reset.janeapp.com\/online_gift_cards\/new\" target=\"_blank\">\n\t\t\t\t\t\t<span class=\"elementor-button-content-wrapper\">\n\t\t\t\t\t\t\t\t\t<span class=\"elementor-button-text\">Purchase Gift Card<\/span>\n\t\t\t\t\t<\/span>\n\t\t\t\t\t<\/a>\n\t\t\t\t<\/div>\n\t\t\t\t\t\t\t\t<\/div>\n\t\t\t\t<\/div>\n\t\t\t\t\t<\/div>\n\t\t<\/div>\n\t\t\t\t\t<\/div>\n\t\t<\/section>\n\t\t\t\t<\/div>","protected":false},"excerpt":{"rendered":"<p>Offre \u00e0 quelqu\u2019un que tu aimes un vrai moment de bien-\u00eatre chez Clinique RESET. Une s\u00e9ance en : \u2013 Massoth\u00e9rapie du sport\u2013 Mad\u00e9roth\u00e9rapie\u2013 Physioth\u00e9rapie\u2013 Th\u00e9rapie du sport\u2013 Ost\u00e9opathie Choisis la dur\u00e9e qui convient: Massoth\u00e9rapie du sport | Mad\u00e9roth\u00e9rapie | Th\u00e9rapie du sport | Ost\u00e9opathie 45 minutes \u2013 $109 60 minutes \u2013 $124 90 minutes \u2013 [&hellip;]<\/p>","protected":false},"author":1,"featured_media":0,"parent":0,"menu_order":0,"comment_status":"closed","ping_status":"closed","template":"","meta":{"inline_featured_image":false,"site-sidebar-layout":"no-sidebar","site-content-layout":"","ast-site-content-layout":"full-width-container","site-content-style":"default","site-sidebar-style":"default","ast-global-header-display":"","ast-banner-title-visibility":"","ast-main-header-display":"","ast-hfb-above-header-display":"","ast-hfb-below-header-display":"","ast-hfb-mobile-header-display":"","site-post-title":"disabled","ast-breadcrumbs-content":"","ast-featured-img":"disabled","footer-sml-layout":"","ast-disable-related-posts":"","theme-transparent-header-meta":"","adv-header-id-meta":"","stick-header-meta":"","header-above-stick-meta":"","header-main-stick-meta":"","header-below-stick-meta":"","astra-migrate-meta-layouts":"default","ast-page-background-enabled":"default","ast-page-background-meta":{"desktop":{"background-color":"var(--ast-global-color-4)","background-image":"","background-repeat":"repeat","background-position":"center center","background-size":"auto","background-attachment":"scroll","background-type":"","background-media":"","overlay-type":"","overlay-color":"","overlay-opacity":"","overlay-gradient":""},"tablet":{"background-color":"","background-image":"","background-repeat":"repeat","background-position":"center center","background-size":"auto","background-attachment":"scroll","background-type":"","background-media":"","overlay-type":"","overlay-color":"","overlay-opacity":"","overlay-gradient":""},"mobile":{"background-color":"","background-image":"","background-repeat":"repeat","background-position":"center center","background-size":"auto","background-attachment":"scroll","background-type":"","background-media":"","overlay-type":"","overlay-color":"","overlay-opacity":"","overlay-gradient":""}},"ast-content-background-meta":{"desktop":{"background-color":"var(--ast-global-color-5)","background-image":"","background-repeat":"repeat","background-position":"center center","background-size":"auto","background-attachment":"scroll","background-type":"","background-media":"","overlay-type":"","overlay-color":"","overlay-opacity":"","overlay-gradient":""},"tablet":{"background-color":"var(--ast-global-color-5)","background-image":"","background-repeat":"repeat","background-position":"center center","background-size":"auto","background-attachment":"scroll","background-type":"","background-media":"","overlay-type":"","overlay-color":"","overlay-opacity":"","overlay-gradient":""},"mobile":{"background-color":"var(--ast-global-color-5)","background-image":"","background-repeat":"repeat","background-position":"center center","background-size":"auto","background-attachment":"scroll","background-type":"","background-media":"","overlay-type":"","overlay-color":"","overlay-opacity":"","overlay-gradient":""}},"footnotes":""},"class_list":["post-2099","page","type-page","status-publish","hentry"],"yoast_head":"<!-- This site is optimized with the Yoast SEO plugin v26.7 - https:\/\/yoast.com\/wordpress\/plugins\/seo\/ -->\n<title>Carte-Cadeau RESET - Clinique RESET<\/title>\n<meta name=\"robots\" content=\"index, follow, max-snippet:-1, max-image-preview:large, max-video-preview:-1\" \/>\n<link rel=\"canonical\" href=\"https:\/\/cliniquereset.com\/en\/carte-cadeau-reset\/\" \/>\n<meta property=\"og:locale\" content=\"en_US\" \/>\n<meta property=\"og:type\" content=\"article\" \/>\n<meta property=\"og:title\" content=\"Carte-Cadeau RESET - Clinique RESET\" \/>\n<meta property=\"og:description\" content=\"Offre \u00e0 quelqu\u2019un que tu aimes un vrai moment de bien-\u00eatre chez Clinique RESET. Une s\u00e9ance en : \u2013 Massoth\u00e9rapie du sport\u2013 Mad\u00e9roth\u00e9rapie\u2013 Physioth\u00e9rapie\u2013 Th\u00e9rapie du sport\u2013 Ost\u00e9opathie Choisis la dur\u00e9e qui convient: Massoth\u00e9rapie du sport | Mad\u00e9roth\u00e9rapie | Th\u00e9rapie du sport | Ost\u00e9opathie 45 minutes \u2013 $109 60 minutes \u2013 $124 90 minutes \u2013 [&hellip;]\" \/>\n<meta property=\"og:url\" content=\"https:\/\/cliniquereset.com\/en\/carte-cadeau-reset\/\" \/>\n<meta property=\"og:site_name\" content=\"Clinique RESET\" \/>\n<meta property=\"article:publisher\" content=\"https:\/\/www.facebook.com\/cliniqueRESET\" \/>\n<meta property=\"article:modified_time\" content=\"2026-04-01T16:20:30+00:00\" \/>\n<meta property=\"og:image\" content=\"https:\/\/cliniquereset.com\/wp-content\/uploads\/2025\/06\/gift-cards-v2-1.jpg\" \/>\n\t<meta property=\"og:image:width\" content=\"512\" \/>\n\t<meta property=\"og:image:height\" content=\"512\" \/>\n\t<meta property=\"og:image:type\" content=\"image\/jpeg\" \/>\n<meta name=\"twitter:card\" content=\"summary_large_image\" \/>\n<meta name=\"twitter:label1\" content=\"Est. reading time\" \/>\n\t<meta name=\"twitter:data1\" content=\"1 minute\" \/>\n<script type=\"application\/ld+json\" class=\"yoast-schema-graph\">{\"@context\":\"https:\/\/schema.org\",\"@graph\":[{\"@type\":\"WebPage\",\"@id\":\"https:\/\/cliniquereset.com\/carte-cadeau-reset\/\",\"url\":\"https:\/\/cliniquereset.com\/carte-cadeau-reset\/\",\"name\":\"Carte-Cadeau RESET - Clinique RESET\",\"isPartOf\":{\"@id\":\"https:\/\/cliniquereset.com\/#website\"},\"primaryImageOfPage\":{\"@id\":\"https:\/\/cliniquereset.com\/carte-cadeau-reset\/#primaryimage\"},\"image\":{\"@id\":\"https:\/\/cliniquereset.com\/carte-cadeau-reset\/#primaryimage\"},\"thumbnailUrl\":\"https:\/\/cliniquereset.com\/wp-content\/uploads\/2025\/06\/gift-cards-v2-1.jpg\",\"datePublished\":\"2025-07-30T19:15:13+00:00\",\"dateModified\":\"2026-04-01T16:20:30+00:00\",\"breadcrumb\":{\"@id\":\"https:\/\/cliniquereset.com\/carte-cadeau-reset\/#breadcrumb\"},\"inLanguage\":\"en-CA\",\"potentialAction\":[{\"@type\":\"ReadAction\",\"target\":[\"https:\/\/cliniquereset.com\/carte-cadeau-reset\/\"]}]},{\"@type\":\"ImageObject\",\"inLanguage\":\"en-CA\",\"@id\":\"https:\/\/cliniquereset.com\/carte-cadeau-reset\/#primaryimage\",\"url\":\"https:\/\/cliniquereset.com\/wp-content\/uploads\/2025\/06\/gift-cards-v2-1.jpg\",\"contentUrl\":\"https:\/\/cliniquereset.com\/wp-content\/uploads\/2025\/06\/gift-cards-v2-1.jpg\"},{\"@type\":\"BreadcrumbList\",\"@id\":\"https:\/\/cliniquereset.com\/carte-cadeau-reset\/#breadcrumb\",\"itemListElement\":[{\"@type\":\"ListItem\",\"position\":1,\"name\":\"Home\",\"item\":\"https:\/\/cliniquereset.com\/\"},{\"@type\":\"ListItem\",\"position\":2,\"name\":\"Carte-Cadeau RESET\"}]},{\"@type\":\"WebSite\",\"@id\":\"https:\/\/cliniquereset.com\/#website\",\"url\":\"https:\/\/cliniquereset.com\/\",\"name\":\"Clinique RESET\",\"description\":\"Sports Clinic in Montreal Kinesiology Kinesitherapy Sport Massage Therapy Clinique RESET offers sports massages that meet the needs of athletes.\",\"publisher\":{\"@id\":\"https:\/\/cliniquereset.com\/#organization\"},\"potentialAction\":[{\"@type\":\"SearchAction\",\"target\":{\"@type\":\"EntryPoint\",\"urlTemplate\":\"https:\/\/cliniquereset.com\/?s={search_term_string}\"},\"query-input\":{\"@type\":\"PropertyValueSpecification\",\"valueRequired\":true,\"valueName\":\"search_term_string\"}}],\"inLanguage\":\"en-CA\"},{\"@type\":\"Organization\",\"@id\":\"https:\/\/cliniquereset.com\/#organization\",\"name\":\"Clinique RESET\",\"url\":\"https:\/\/cliniquereset.com\/\",\"logo\":{\"@type\":\"ImageObject\",\"inLanguage\":\"en-CA\",\"@id\":\"https:\/\/cliniquereset.com\/#\/schema\/logo\/image\/\",\"url\":\"https:\/\/cliniquereset.com\/wp-content\/uploads\/2023\/08\/CLINIQUE-RESET-LOGO.png\",\"contentUrl\":\"https:\/\/cliniquereset.com\/wp-content\/uploads\/2023\/08\/CLINIQUE-RESET-LOGO.png\",\"width\":160,\"height\":160,\"caption\":\"Clinique RESET\"},\"image\":{\"@id\":\"https:\/\/cliniquereset.com\/#\/schema\/logo\/image\/\"},\"sameAs\":[\"https:\/\/www.facebook.com\/cliniqueRESET\",\"https:\/\/www.youtube.com\/@CliniqueReset-gz7gs\",\"https:\/\/www.instagram.com\/clinique_reset\/\",\"https:\/\/www.linkedin.com\/in\/clinique-r-e-s-e-t-a8ab5b232\/\"]}]}<\/script>\n<!-- \/ Yoast SEO plugin. -->","yoast_head_json":{"title":"Carte-Cadeau RESET - Clinique RESET","robots":{"index":"index","follow":"follow","max-snippet":"max-snippet:-1","max-image-preview":"max-image-preview:large","max-video-preview":"max-video-preview:-1"},"canonical":"https:\/\/cliniquereset.com\/en\/carte-cadeau-reset\/","og_locale":"en_US","og_type":"article","og_title":"Carte-Cadeau RESET - Clinique RESET","og_description":"Offre \u00e0 quelqu\u2019un que tu aimes un vrai moment de bien-\u00eatre chez Clinique RESET. Une s\u00e9ance en : \u2013 Massoth\u00e9rapie du sport\u2013 Mad\u00e9roth\u00e9rapie\u2013 Physioth\u00e9rapie\u2013 Th\u00e9rapie du sport\u2013 Ost\u00e9opathie Choisis la dur\u00e9e qui convient: Massoth\u00e9rapie du sport | Mad\u00e9roth\u00e9rapie | Th\u00e9rapie du sport | Ost\u00e9opathie 45 minutes \u2013 $109 60 minutes \u2013 $124 90 minutes \u2013 [&hellip;]","og_url":"https:\/\/cliniquereset.com\/en\/carte-cadeau-reset\/","og_site_name":"Clinique RESET","article_publisher":"https:\/\/www.facebook.com\/cliniqueRESET","article_modified_time":"2026-04-01T16:20:30+00:00","og_image":[{"width":512,"height":512,"url":"https:\/\/cliniquereset.com\/wp-content\/uploads\/2025\/06\/gift-cards-v2-1.jpg","type":"image\/jpeg"}],"twitter_card":"summary_large_image","twitter_misc":{"Est. reading time":"1 minute"},"schema":{"@context":"https:\/\/schema.org","@graph":[{"@type":"WebPage","@id":"https:\/\/cliniquereset.com\/carte-cadeau-reset\/","url":"https:\/\/cliniquereset.com\/carte-cadeau-reset\/","name":"Carte-Cadeau RESET - Clinique RESET","isPartOf":{"@id":"https:\/\/cliniquereset.com\/#website"},"primaryImageOfPage":{"@id":"https:\/\/cliniquereset.com\/carte-cadeau-reset\/#primaryimage"},"image":{"@id":"https:\/\/cliniquereset.com\/carte-cadeau-reset\/#primaryimage"},"thumbnailUrl":"https:\/\/cliniquereset.com\/wp-content\/uploads\/2025\/06\/gift-cards-v2-1.jpg","datePublished":"2025-07-30T19:15:13+00:00","dateModified":"2026-04-01T16:20:30+00:00","breadcrumb":{"@id":"https:\/\/cliniquereset.com\/carte-cadeau-reset\/#breadcrumb"},"inLanguage":"en-CA","potentialAction":[{"@type":"ReadAction","target":["https:\/\/cliniquereset.com\/carte-cadeau-reset\/"]}]},{"@type":"ImageObject","inLanguage":"en-CA","@id":"https:\/\/cliniquereset.com\/carte-cadeau-reset\/#primaryimage","url":"https:\/\/cliniquereset.com\/wp-content\/uploads\/2025\/06\/gift-cards-v2-1.jpg","contentUrl":"https:\/\/cliniquereset.com\/wp-content\/uploads\/2025\/06\/gift-cards-v2-1.jpg"},{"@type":"BreadcrumbList","@id":"https:\/\/cliniquereset.com\/carte-cadeau-reset\/#breadcrumb","itemListElement":[{"@type":"ListItem","position":1,"name":"Home","item":"https:\/\/cliniquereset.com\/"},{"@type":"ListItem","position":2,"name":"Carte-Cadeau RESET"}]},{"@type":"WebSite","@id":"https:\/\/cliniquereset.com\/#website","url":"https:\/\/cliniquereset.com\/","name":"Clinique RESET","description":"Sports Clinic in Montreal Kinesiology Kinesitherapy Sport Massage Therapy Clinique RESET offers sports massages that meet the needs of athletes.","publisher":{"@id":"https:\/\/cliniquereset.com\/#organization"},"potentialAction":[{"@type":"SearchAction","target":{"@type":"EntryPoint","urlTemplate":"https:\/\/cliniquereset.com\/?s={search_term_string}"},"query-input":{"@type":"PropertyValueSpecification","valueRequired":true,"valueName":"search_term_string"}}],"inLanguage":"en-CA"},{"@type":"Organization","@id":"https:\/\/cliniquereset.com\/#organization","name":"Clinique RESET","url":"https:\/\/cliniquereset.com\/","logo":{"@type":"ImageObject","inLanguage":"en-CA","@id":"https:\/\/cliniquereset.com\/#\/schema\/logo\/image\/","url":"https:\/\/cliniquereset.com\/wp-content\/uploads\/2023\/08\/CLINIQUE-RESET-LOGO.png","contentUrl":"https:\/\/cliniquereset.com\/wp-content\/uploads\/2023\/08\/CLINIQUE-RESET-LOGO.png","width":160,"height":160,"caption":"Clinique RESET"},"image":{"@id":"https:\/\/cliniquereset.com\/#\/schema\/logo\/image\/"},"sameAs":["https:\/\/www.facebook.com\/cliniqueRESET","https:\/\/www.youtube.com\/@CliniqueReset-gz7gs","https:\/\/www.instagram.com\/clinique_reset\/","https:\/\/www.linkedin.com\/in\/clinique-r-e-s-e-t-a8ab5b232\/"]}]}},"_links":{"self":[{"href":"https:\/\/cliniquereset.com\/en\/wp-json\/wp\/v2\/pages\/2099","targetHints":{"allow":["GET"]}}],"collection":[{"href":"https:\/\/cliniquereset.com\/en\/wp-json\/wp\/v2\/pages"}],"about":[{"href":"https:\/\/cliniquereset.com\/en\/wp-json\/wp\/v2\/types\/page"}],"author":[{"embeddable":true,"href":"https:\/\/cliniquereset.com\/en\/wp-json\/wp\/v2\/users\/1"}],"replies":[{"embeddable":true,"href":"https:\/\/cliniquereset.com\/en\/wp-json\/wp\/v2\/comments?post=2099"}],"version-history":[{"count":6,"href":"https:\/\/cliniquereset.com\/en\/wp-json\/wp\/v2\/pages\/2099\/revisions"}],"predecessor-version":[{"id":2577,"href":"https:\/\/cliniquereset.com\/en\/wp-json\/wp\/v2\/pages\/2099\/revisions\/2577"}],"wp:attachment":[{"href":"https:\/\/cliniquereset.com\/en\/wp-json\/wp\/v2\/media?parent=2099"}],"curies":[{"name":"wp","href":"https:\/\/api.w.org\/{rel}","templated":true}]}}