{"id":217,"date":"2023-08-29T22:13:23","date_gmt":"2023-08-29T22:13:23","guid":{"rendered":"https:\/\/cliniquereset.nectarlab.ca\/?page_id=217"},"modified":"2025-10-21T12:39:38","modified_gmt":"2025-10-21T12:39:38","slug":"osteopathy","status":"publish","type":"page","link":"https:\/\/cliniquereset.com\/en\/our-services\/osteopathy\/","title":{"rendered":"Osteopathy in Montreal"},"content":{"rendered":"<div data-elementor-type=\"wp-page\" data-elementor-id=\"217\" class=\"elementor elementor-217\" data-elementor-post-type=\"page\">\n\t\t\t\t\t\t<section class=\"elementor-section elementor-top-section elementor-element elementor-element-8ef60c1 elementor-section-boxed elementor-section-height-default elementor-section-height-default\" data-id=\"8ef60c1\" data-element_type=\"section\">\n\t\t\t\t\t\t<div class=\"elementor-container elementor-column-gap-default\">\n\t\t\t\t\t<div class=\"elementor-column elementor-col-50 elementor-top-column elementor-element elementor-element-f6af7ca\" data-id=\"f6af7ca\" data-element_type=\"column\">\n\t\t\t<div class=\"elementor-widget-wrap elementor-element-populated\">\n\t\t\t\t\t\t<div class=\"elementor-element elementor-element-57a93c5 elementor-widget elementor-widget-image\" data-id=\"57a93c5\" data-element_type=\"widget\" data-widget_type=\"image.default\">\n\t\t\t\t<div class=\"elementor-widget-container\">\n\t\t\t\t\t\t\t\t\t\t\t\t\t\t\t<img fetchpriority=\"high\" decoding=\"async\" width=\"683\" height=\"1024\" src=\"https:\/\/cliniquereset.com\/wp-content\/uploads\/2024\/04\/DSC0672-683x1024.jpeg\" class=\"attachment-large size-large wp-image-1552\" alt=\"\" srcset=\"https:\/\/cliniquereset.com\/wp-content\/uploads\/2024\/04\/DSC0672-683x1024.jpeg 683w, https:\/\/cliniquereset.com\/wp-content\/uploads\/2024\/04\/DSC0672-scaled-600x900.jpeg 600w, https:\/\/cliniquereset.com\/wp-content\/uploads\/2024\/04\/DSC0672-200x300.jpeg 200w, https:\/\/cliniquereset.com\/wp-content\/uploads\/2024\/04\/DSC0672-768x1152.jpeg 768w, https:\/\/cliniquereset.com\/wp-content\/uploads\/2024\/04\/DSC0672-1024x1536.jpeg 1024w, https:\/\/cliniquereset.com\/wp-content\/uploads\/2024\/04\/DSC0672-1365x2048.jpeg 1365w, https:\/\/cliniquereset.com\/wp-content\/uploads\/2024\/04\/DSC0672-8x12.jpeg 8w, https:\/\/cliniquereset.com\/wp-content\/uploads\/2024\/04\/DSC0672-scaled.jpeg 1707w\" sizes=\"(max-width: 683px) 100vw, 683px\" \/>\t\t\t\t\t\t\t\t\t\t\t\t\t\t\t<\/div>\n\t\t\t\t<\/div>\n\t\t\t\t\t<\/div>\n\t\t<\/div>\n\t\t\t\t<div class=\"elementor-column elementor-col-50 elementor-top-column elementor-element elementor-element-9691c06\" data-id=\"9691c06\" data-element_type=\"column\">\n\t\t\t<div class=\"elementor-widget-wrap elementor-element-populated\">\n\t\t\t\t\t\t<div class=\"elementor-element elementor-element-dd7fa63 elementor-widget elementor-widget-heading\" data-id=\"dd7fa63\" data-element_type=\"widget\" data-widget_type=\"heading.default\">\n\t\t\t\t<div class=\"elementor-widget-container\">\n\t\t\t\t\t<h2 class=\"elementor-heading-title elementor-size-default\">The R.E.S.E.T. Clinic offers osteopathy services in Montreal.<\/h2>\t\t\t\t<\/div>\n\t\t\t\t<\/div>\n\t\t\t\t<div class=\"elementor-element elementor-element-468bb81 elementor-widget elementor-widget-text-editor\" data-id=\"468bb81\" data-element_type=\"widget\" data-widget_type=\"text-editor.default\">\n\t\t\t\t<div class=\"elementor-widget-container\">\n\t\t\t\t\t\t\t\t\t<p>Osteopathy is a holistic approach that encompasses a holistic understanding of the patient to prevent, diagnose and manually treat dysfunctions in the mobility of the tissues of the human body that can alter the state of health.<\/p><p>Osteopathy uses a variety of manual techniques, including joint manipulations and mobilizations, myofascial release, as well as visceral and cranial techniques, to provide you with personalized care and natural regulation of your health and well-being<\/p>\t\t\t\t\t\t\t\t<\/div>\n\t\t\t\t<\/div>\n\t\t\t\t<div class=\"elementor-element elementor-element-5931178 elementor-mobile-align-center elementor-align-left elementor-widget elementor-widget-button\" data-id=\"5931178\" data-element_type=\"widget\" data-widget_type=\"button.default\">\n\t\t\t\t<div class=\"elementor-widget-container\">\n\t\t\t\t\t\t\t\t\t<div class=\"elementor-button-wrapper\">\n\t\t\t\t\t<a class=\"elementor-button elementor-button-link elementor-size-sm\" href=\"https:\/\/clinique-reset.janeapp.com\/#\/osteopathy-osteopathie\" target=\"_blank\">\n\t\t\t\t\t\t<span class=\"elementor-button-content-wrapper\">\n\t\t\t\t\t\t\t\t\t<span class=\"elementor-button-text\">book an appointment<\/span>\n\t\t\t\t\t<\/span>\n\t\t\t\t\t<\/a>\n\t\t\t\t<\/div>\n\t\t\t\t\t\t\t\t<\/div>\n\t\t\t\t<\/div>\n\t\t\t\t\t<\/div>\n\t\t<\/div>\n\t\t\t\t\t<\/div>\n\t\t<\/section>\n\t\t\t\t<\/div>","protected":false},"excerpt":{"rendered":"<p>La clinique R.E.S.E.T. offre des services d\u2019ost\u00e9opathie \u00e0 Montr\u00e9al L\u2019ost\u00e9opathie est une approche holistique qui englobe une compr\u00e9hension globale du patient pour pr\u00e9venir, diagnostiquer et traiter manuellement les dysfonctions de la mobilit\u00e9 des tissus du corps humain susceptibles d\u2019en alt\u00e9rer l\u2019\u00e9tat de sant\u00e9. L\u2019ost\u00e9opathe utilise une vari\u00e9t\u00e9 de techniques manuelles, y compris des manipulations et [&hellip;]<\/p>","protected":false},"author":1,"featured_media":0,"parent":26,"menu_order":0,"comment_status":"closed","ping_status":"closed","template":"","meta":{"inline_featured_image":false,"site-sidebar-layout":"no-sidebar","site-content-layout":"page-builder","ast-site-content-layout":"default","site-content-style":"default","site-sidebar-style":"default","ast-global-header-display":"","ast-banner-title-visibility":"","ast-main-header-display":"","ast-hfb-above-header-display":"","ast-hfb-below-header-display":"","ast-hfb-mobile-header-display":"","site-post-title":"disabled","ast-breadcrumbs-content":"","ast-featured-img":"disabled","footer-sml-layout":"","ast-disable-related-posts":"","theme-transparent-header-meta":"default","adv-header-id-meta":"","stick-header-meta":"","header-above-stick-meta":"","header-main-stick-meta":"","header-below-stick-meta":"","astra-migrate-meta-layouts":"set","ast-page-background-enabled":"default","ast-page-background-meta":{"desktop":{"background-color":"var(--ast-global-color-4)","background-image":"","background-repeat":"repeat","background-position":"center center","background-size":"auto","background-attachment":"scroll","background-type":"","background-media":"","overlay-type":"","overlay-color":"","overlay-opacity":"","overlay-gradient":""},"tablet":{"background-color":"","background-image":"","background-repeat":"repeat","background-position":"center center","background-size":"auto","background-attachment":"scroll","background-type":"","background-media":"","overlay-type":"","overlay-color":"","overlay-opacity":"","overlay-gradient":""},"mobile":{"background-color":"","background-image":"","background-repeat":"repeat","background-position":"center center","background-size":"auto","background-attachment":"scroll","background-type":"","background-media":"","overlay-type":"","overlay-color":"","overlay-opacity":"","overlay-gradient":""}},"ast-content-background-meta":{"desktop":{"background-color":"var(--ast-global-color-5)","background-image":"","background-repeat":"repeat","background-position":"center center","background-size":"auto","background-attachment":"scroll","background-type":"","background-media":"","overlay-type":"","overlay-color":"","overlay-opacity":"","overlay-gradient":""},"tablet":{"background-color":"var(--ast-global-color-5)","background-image":"","background-repeat":"repeat","background-position":"center center","background-size":"auto","background-attachment":"scroll","background-type":"","background-media":"","overlay-type":"","overlay-color":"","overlay-opacity":"","overlay-gradient":""},"mobile":{"background-color":"var(--ast-global-color-5)","background-image":"","background-repeat":"repeat","background-position":"center center","background-size":"auto","background-attachment":"scroll","background-type":"","background-media":"","overlay-type":"","overlay-color":"","overlay-opacity":"","overlay-gradient":""}},"footnotes":""},"class_list":["post-217","page","type-page","status-publish","hentry"],"yoast_head":"<!-- This site is optimized with the Yoast SEO plugin v26.7 - https:\/\/yoast.com\/wordpress\/plugins\/seo\/ -->\n<title>Ost\u00e9opathie \u00e0 Montr\u00e9al - Clinique RESET<\/title>\n<meta name=\"description\" content=\"La clinique RESET offre des soins d\u2019ost\u00e9opathie \u00e0 Montr\u00e9al pour soulager vos douleurs et r\u00e9tablir l\u2019\u00e9quilibre du corps.\" \/>\n<meta name=\"robots\" content=\"index, follow, max-snippet:-1, max-image-preview:large, max-video-preview:-1\" \/>\n<link rel=\"canonical\" href=\"https:\/\/cliniquereset.com\/en\/our-services\/osteopathy\/\" \/>\n<meta property=\"og:locale\" content=\"en_US\" \/>\n<meta property=\"og:type\" content=\"article\" \/>\n<meta property=\"og:title\" content=\"Ost\u00e9opathie \u00e0 Montr\u00e9al - Clinique RESET\" \/>\n<meta property=\"og:description\" content=\"La clinique RESET offre des soins d\u2019ost\u00e9opathie \u00e0 Montr\u00e9al pour soulager vos douleurs et r\u00e9tablir l\u2019\u00e9quilibre du corps.\" \/>\n<meta property=\"og:url\" content=\"https:\/\/cliniquereset.com\/en\/our-services\/osteopathy\/\" \/>\n<meta property=\"og:site_name\" content=\"Clinique RESET\" \/>\n<meta property=\"article:publisher\" content=\"https:\/\/www.facebook.com\/cliniqueRESET\" \/>\n<meta property=\"article:modified_time\" content=\"2025-10-21T12:39:38+00:00\" \/>\n<meta property=\"og:image\" content=\"https:\/\/cliniquereset.com\/wp-content\/uploads\/2024\/04\/DSC0672-683x1024.jpeg\" \/>\n<meta name=\"twitter:card\" content=\"summary_large_image\" \/>\n<meta name=\"twitter:label1\" content=\"Est. reading time\" \/>\n\t<meta name=\"twitter:data1\" content=\"1 minute\" \/>\n<script type=\"application\/ld+json\" class=\"yoast-schema-graph\">{\"@context\":\"https:\/\/schema.org\",\"@graph\":[{\"@type\":\"WebPage\",\"@id\":\"https:\/\/cliniquereset.com\/our-services\/osteopathy\/\",\"url\":\"https:\/\/cliniquereset.com\/our-services\/osteopathy\/\",\"name\":\"Ost\u00e9opathie \u00e0 Montr\u00e9al - Clinique RESET\",\"isPartOf\":{\"@id\":\"https:\/\/cliniquereset.com\/#website\"},\"primaryImageOfPage\":{\"@id\":\"https:\/\/cliniquereset.com\/our-services\/osteopathy\/#primaryimage\"},\"image\":{\"@id\":\"https:\/\/cliniquereset.com\/our-services\/osteopathy\/#primaryimage\"},\"thumbnailUrl\":\"https:\/\/cliniquereset.com\/wp-content\/uploads\/2024\/04\/DSC0672-683x1024.jpeg\",\"datePublished\":\"2023-08-29T22:13:23+00:00\",\"dateModified\":\"2025-10-21T12:39:38+00:00\",\"description\":\"La clinique RESET offre des soins d\u2019ost\u00e9opathie \u00e0 Montr\u00e9al pour soulager vos douleurs et r\u00e9tablir l\u2019\u00e9quilibre du corps.\",\"breadcrumb\":{\"@id\":\"https:\/\/cliniquereset.com\/our-services\/osteopathy\/#breadcrumb\"},\"inLanguage\":\"en-CA\",\"potentialAction\":[{\"@type\":\"ReadAction\",\"target\":[\"https:\/\/cliniquereset.com\/our-services\/osteopathy\/\"]}]},{\"@type\":\"ImageObject\",\"inLanguage\":\"en-CA\",\"@id\":\"https:\/\/cliniquereset.com\/our-services\/osteopathy\/#primaryimage\",\"url\":\"https:\/\/cliniquereset.com\/wp-content\/uploads\/2024\/04\/DSC0672-683x1024.jpeg\",\"contentUrl\":\"https:\/\/cliniquereset.com\/wp-content\/uploads\/2024\/04\/DSC0672-683x1024.jpeg\"},{\"@type\":\"BreadcrumbList\",\"@id\":\"https:\/\/cliniquereset.com\/our-services\/osteopathy\/#breadcrumb\",\"itemListElement\":[{\"@type\":\"ListItem\",\"position\":1,\"name\":\"Home\",\"item\":\"https:\/\/cliniquereset.com\/\"},{\"@type\":\"ListItem\",\"position\":2,\"name\":\"Nos services\",\"item\":\"https:\/\/cliniquereset.com\/our-services\/\"},{\"@type\":\"ListItem\",\"position\":3,\"name\":\"Ost\u00e9opathie \u00e0 Montr\u00e9al\"}]},{\"@type\":\"WebSite\",\"@id\":\"https:\/\/cliniquereset.com\/#website\",\"url\":\"https:\/\/cliniquereset.com\/\",\"name\":\"Clinique RESET\",\"description\":\"Sports Clinic in Montreal Kinesiology Kinesitherapy Sport Massage Therapy Clinique RESET offers sports massages that meet the needs of athletes.\",\"publisher\":{\"@id\":\"https:\/\/cliniquereset.com\/#organization\"},\"potentialAction\":[{\"@type\":\"SearchAction\",\"target\":{\"@type\":\"EntryPoint\",\"urlTemplate\":\"https:\/\/cliniquereset.com\/?s={search_term_string}\"},\"query-input\":{\"@type\":\"PropertyValueSpecification\",\"valueRequired\":true,\"valueName\":\"search_term_string\"}}],\"inLanguage\":\"en-CA\"},{\"@type\":\"Organization\",\"@id\":\"https:\/\/cliniquereset.com\/#organization\",\"name\":\"Clinique RESET\",\"url\":\"https:\/\/cliniquereset.com\/\",\"logo\":{\"@type\":\"ImageObject\",\"inLanguage\":\"en-CA\",\"@id\":\"https:\/\/cliniquereset.com\/#\/schema\/logo\/image\/\",\"url\":\"https:\/\/cliniquereset.com\/wp-content\/uploads\/2023\/08\/CLINIQUE-RESET-LOGO.png\",\"contentUrl\":\"https:\/\/cliniquereset.com\/wp-content\/uploads\/2023\/08\/CLINIQUE-RESET-LOGO.png\",\"width\":160,\"height\":160,\"caption\":\"Clinique RESET\"},\"image\":{\"@id\":\"https:\/\/cliniquereset.com\/#\/schema\/logo\/image\/\"},\"sameAs\":[\"https:\/\/www.facebook.com\/cliniqueRESET\",\"https:\/\/www.youtube.com\/@CliniqueReset-gz7gs\",\"https:\/\/www.instagram.com\/clinique_reset\/\",\"https:\/\/www.linkedin.com\/in\/clinique-r-e-s-e-t-a8ab5b232\/\"]}]}<\/script>\n<!-- \/ Yoast SEO plugin. -->","yoast_head_json":{"title":"Ost\u00e9opathie \u00e0 Montr\u00e9al - Clinique RESET","description":"La clinique RESET offre des soins d\u2019ost\u00e9opathie \u00e0 Montr\u00e9al pour soulager vos douleurs et r\u00e9tablir l\u2019\u00e9quilibre du corps.","robots":{"index":"index","follow":"follow","max-snippet":"max-snippet:-1","max-image-preview":"max-image-preview:large","max-video-preview":"max-video-preview:-1"},"canonical":"https:\/\/cliniquereset.com\/en\/our-services\/osteopathy\/","og_locale":"en_US","og_type":"article","og_title":"Ost\u00e9opathie \u00e0 Montr\u00e9al - Clinique RESET","og_description":"La clinique RESET offre des soins d\u2019ost\u00e9opathie \u00e0 Montr\u00e9al pour soulager vos douleurs et r\u00e9tablir l\u2019\u00e9quilibre du corps.","og_url":"https:\/\/cliniquereset.com\/en\/our-services\/osteopathy\/","og_site_name":"Clinique RESET","article_publisher":"https:\/\/www.facebook.com\/cliniqueRESET","article_modified_time":"2025-10-21T12:39:38+00:00","og_image":[{"url":"https:\/\/cliniquereset.com\/wp-content\/uploads\/2024\/04\/DSC0672-683x1024.jpeg","type":"","width":"","height":""}],"twitter_card":"summary_large_image","twitter_misc":{"Est. reading time":"1 minute"},"schema":{"@context":"https:\/\/schema.org","@graph":[{"@type":"WebPage","@id":"https:\/\/cliniquereset.com\/our-services\/osteopathy\/","url":"https:\/\/cliniquereset.com\/our-services\/osteopathy\/","name":"Ost\u00e9opathie \u00e0 Montr\u00e9al - Clinique RESET","isPartOf":{"@id":"https:\/\/cliniquereset.com\/#website"},"primaryImageOfPage":{"@id":"https:\/\/cliniquereset.com\/our-services\/osteopathy\/#primaryimage"},"image":{"@id":"https:\/\/cliniquereset.com\/our-services\/osteopathy\/#primaryimage"},"thumbnailUrl":"https:\/\/cliniquereset.com\/wp-content\/uploads\/2024\/04\/DSC0672-683x1024.jpeg","datePublished":"2023-08-29T22:13:23+00:00","dateModified":"2025-10-21T12:39:38+00:00","description":"La clinique RESET offre des soins d\u2019ost\u00e9opathie \u00e0 Montr\u00e9al pour soulager vos douleurs et r\u00e9tablir l\u2019\u00e9quilibre du corps.","breadcrumb":{"@id":"https:\/\/cliniquereset.com\/our-services\/osteopathy\/#breadcrumb"},"inLanguage":"en-CA","potentialAction":[{"@type":"ReadAction","target":["https:\/\/cliniquereset.com\/our-services\/osteopathy\/"]}]},{"@type":"ImageObject","inLanguage":"en-CA","@id":"https:\/\/cliniquereset.com\/our-services\/osteopathy\/#primaryimage","url":"https:\/\/cliniquereset.com\/wp-content\/uploads\/2024\/04\/DSC0672-683x1024.jpeg","contentUrl":"https:\/\/cliniquereset.com\/wp-content\/uploads\/2024\/04\/DSC0672-683x1024.jpeg"},{"@type":"BreadcrumbList","@id":"https:\/\/cliniquereset.com\/our-services\/osteopathy\/#breadcrumb","itemListElement":[{"@type":"ListItem","position":1,"name":"Home","item":"https:\/\/cliniquereset.com\/"},{"@type":"ListItem","position":2,"name":"Nos services","item":"https:\/\/cliniquereset.com\/our-services\/"},{"@type":"ListItem","position":3,"name":"Ost\u00e9opathie \u00e0 Montr\u00e9al"}]},{"@type":"WebSite","@id":"https:\/\/cliniquereset.com\/#website","url":"https:\/\/cliniquereset.com\/","name":"Clinique RESET","description":"Sports Clinic in Montreal Kinesiology Kinesitherapy Sport Massage Therapy Clinique RESET offers sports massages that meet the needs of athletes.","publisher":{"@id":"https:\/\/cliniquereset.com\/#organization"},"potentialAction":[{"@type":"SearchAction","target":{"@type":"EntryPoint","urlTemplate":"https:\/\/cliniquereset.com\/?s={search_term_string}"},"query-input":{"@type":"PropertyValueSpecification","valueRequired":true,"valueName":"search_term_string"}}],"inLanguage":"en-CA"},{"@type":"Organization","@id":"https:\/\/cliniquereset.com\/#organization","name":"Clinique RESET","url":"https:\/\/cliniquereset.com\/","logo":{"@type":"ImageObject","inLanguage":"en-CA","@id":"https:\/\/cliniquereset.com\/#\/schema\/logo\/image\/","url":"https:\/\/cliniquereset.com\/wp-content\/uploads\/2023\/08\/CLINIQUE-RESET-LOGO.png","contentUrl":"https:\/\/cliniquereset.com\/wp-content\/uploads\/2023\/08\/CLINIQUE-RESET-LOGO.png","width":160,"height":160,"caption":"Clinique RESET"},"image":{"@id":"https:\/\/cliniquereset.com\/#\/schema\/logo\/image\/"},"sameAs":["https:\/\/www.facebook.com\/cliniqueRESET","https:\/\/www.youtube.com\/@CliniqueReset-gz7gs","https:\/\/www.instagram.com\/clinique_reset\/","https:\/\/www.linkedin.com\/in\/clinique-r-e-s-e-t-a8ab5b232\/"]}]}},"_links":{"self":[{"href":"https:\/\/cliniquereset.com\/en\/wp-json\/wp\/v2\/pages\/217","targetHints":{"allow":["GET"]}}],"collection":[{"href":"https:\/\/cliniquereset.com\/en\/wp-json\/wp\/v2\/pages"}],"about":[{"href":"https:\/\/cliniquereset.com\/en\/wp-json\/wp\/v2\/types\/page"}],"author":[{"embeddable":true,"href":"https:\/\/cliniquereset.com\/en\/wp-json\/wp\/v2\/users\/1"}],"replies":[{"embeddable":true,"href":"https:\/\/cliniquereset.com\/en\/wp-json\/wp\/v2\/comments?post=217"}],"version-history":[{"count":5,"href":"https:\/\/cliniquereset.com\/en\/wp-json\/wp\/v2\/pages\/217\/revisions"}],"predecessor-version":[{"id":2303,"href":"https:\/\/cliniquereset.com\/en\/wp-json\/wp\/v2\/pages\/217\/revisions\/2303"}],"up":[{"embeddable":true,"href":"https:\/\/cliniquereset.com\/en\/wp-json\/wp\/v2\/pages\/26"}],"wp:attachment":[{"href":"https:\/\/cliniquereset.com\/en\/wp-json\/wp\/v2\/media?parent=217"}],"curies":[{"name":"wp","href":"https:\/\/api.w.org\/{rel}","templated":true}]}}