{"id":565,"date":"2023-09-06T20:30:02","date_gmt":"2023-09-06T20:30:02","guid":{"rendered":"https:\/\/cliniquereset.nectarlab.ca\/?page_id=565"},"modified":"2025-10-21T12:37:34","modified_gmt":"2025-10-21T12:37:34","slug":"therapie-du-sport","status":"publish","type":"page","link":"https:\/\/cliniquereset.com\/en\/our-services\/therapie-du-sport\/","title":{"rendered":"Sports therapy in Montreal"},"content":{"rendered":"<div data-elementor-type=\"wp-page\" data-elementor-id=\"565\" class=\"elementor elementor-565\" data-elementor-post-type=\"page\">\n\t\t\t\t\t\t<section class=\"elementor-section elementor-top-section elementor-element elementor-element-ee7e109 elementor-section-boxed elementor-section-height-default elementor-section-height-default\" data-id=\"ee7e109\" data-element_type=\"section\">\n\t\t\t\t\t\t<div class=\"elementor-container elementor-column-gap-default\">\n\t\t\t\t\t<div class=\"elementor-column elementor-col-50 elementor-top-column elementor-element elementor-element-61370efe\" data-id=\"61370efe\" data-element_type=\"column\">\n\t\t\t<div class=\"elementor-widget-wrap elementor-element-populated\">\n\t\t\t\t\t\t<div class=\"elementor-element elementor-element-64d7f483 elementor-widget elementor-widget-image\" data-id=\"64d7f483\" data-element_type=\"widget\" data-widget_type=\"image.default\">\n\t\t\t\t<div class=\"elementor-widget-container\">\n\t\t\t\t\t\t\t\t\t\t\t\t\t\t\t<img fetchpriority=\"high\" decoding=\"async\" width=\"700\" height=\"816\" src=\"https:\/\/cliniquereset.com\/wp-content\/uploads\/2025\/04\/Therapie-du-sport.jpg\" class=\"attachment-large size-large wp-image-1872\" alt=\"\" srcset=\"https:\/\/cliniquereset.com\/wp-content\/uploads\/2025\/04\/Therapie-du-sport.jpg 700w, https:\/\/cliniquereset.com\/wp-content\/uploads\/2025\/04\/Therapie-du-sport-600x699.jpg 600w, https:\/\/cliniquereset.com\/wp-content\/uploads\/2025\/04\/Therapie-du-sport-257x300.jpg 257w, https:\/\/cliniquereset.com\/wp-content\/uploads\/2025\/04\/Therapie-du-sport-10x12.jpg 10w\" sizes=\"(max-width: 700px) 100vw, 700px\" \/>\t\t\t\t\t\t\t\t\t\t\t\t\t\t\t<\/div>\n\t\t\t\t<\/div>\n\t\t\t\t\t<\/div>\n\t\t<\/div>\n\t\t\t\t<div class=\"elementor-column elementor-col-50 elementor-top-column elementor-element elementor-element-e8b6a07\" data-id=\"e8b6a07\" data-element_type=\"column\">\n\t\t\t<div class=\"elementor-widget-wrap elementor-element-populated\">\n\t\t\t\t\t\t<div class=\"elementor-element elementor-element-2e1d722 elementor-widget elementor-widget-heading\" data-id=\"2e1d722\" data-element_type=\"widget\" data-widget_type=\"heading.default\">\n\t\t\t\t<div class=\"elementor-widget-container\">\n\t\t\t\t\t<h2 class=\"elementor-heading-title elementor-size-default\">R.E.S.E.T. Clinic offers Athletic Therapist services<\/h2>\t\t\t\t<\/div>\n\t\t\t\t<\/div>\n\t\t\t\t<div class=\"elementor-element elementor-element-75ce00a1 elementor-widget elementor-widget-text-editor\" data-id=\"75ce00a1\" data-element_type=\"widget\" data-widget_type=\"text-editor.default\">\n\t\t\t\t<div class=\"elementor-widget-container\">\n\t\t\t\t\t\t\t\t\t<p>What is Athletic Therapy?<br \/>A Certified Athletic Therapist - CAT(C) is a health care professional who specializes in the emergency care, prevention, identification, intervention and management of acute and chronic musculoskeletal injuries and conditions, regardless of their origin. An athletic therapist optimizes the performance of professional and amateur athletes through sport-specific training that prevents injury.<\/p><p>Who can consult an athletic therapist?<br \/>Athletic therapists can work with most people wishing to regain, improve or maintain : <br \/>\u2022 sports performance<br \/>\u2022 functional activities of daily living;<br \/>\u2022 an active lifestyle.<br \/>Specifically, they can work with:<br \/>\u2022 athletes of all levels;<br \/>\u2022 pregnant and post-partum women;<br \/>\u2022 athletes and active people;<br \/>\u2022 seniors;<br \/>\u2022 people suffering from sports-related concussions;<br \/>\u2022 people with musculoskeletal injuries, whether or not related to the practice of their sport;<br \/>\u2022 Etc.<\/p>\t\t\t\t\t\t\t\t<\/div>\n\t\t\t\t<\/div>\n\t\t\t\t<div class=\"elementor-element elementor-element-5dd7bd61 elementor-mobile-align-center elementor-align-left elementor-widget elementor-widget-button\" data-id=\"5dd7bd61\" data-element_type=\"widget\" data-widget_type=\"button.default\">\n\t\t\t\t<div class=\"elementor-widget-container\">\n\t\t\t\t\t\t\t\t\t<div class=\"elementor-button-wrapper\">\n\t\t\t\t\t<a class=\"elementor-button elementor-button-link elementor-size-sm\" href=\"https:\/\/clinique-reset.janeapp.com\/#\/physiotherapy-physiotherapie\" target=\"_blank\">\n\t\t\t\t\t\t<span class=\"elementor-button-content-wrapper\">\n\t\t\t\t\t\t\t\t\t<span class=\"elementor-button-text\">book an appointment<\/span>\n\t\t\t\t\t<\/span>\n\t\t\t\t\t<\/a>\n\t\t\t\t<\/div>\n\t\t\t\t\t\t\t\t<\/div>\n\t\t\t\t<\/div>\n\t\t\t\t\t<\/div>\n\t\t<\/div>\n\t\t\t\t\t<\/div>\n\t\t<\/section>\n\t\t\t\t<\/div>","protected":false},"excerpt":{"rendered":"<p>La clinique R.E.S.E.T. offre des services de th\u00e9rapie du sport Qu\u2019est-ce que la th\u00e9rapie du sport? Un th\u00e9rapeute du sport agr\u00e9\u00e9 \u2013 CAT(C) est un professionnel de la sant\u00e9 sp\u00e9cialis\u00e9 dans les soins d\u2019urgence et dans la pr\u00e9vention, l\u2019identification, l\u2019intervention et la gestion de blessures ou de conditions musculo-squelettiques aigu\u00ebs ou chroniques peu importe leur [&hellip;]<\/p>","protected":false},"author":1,"featured_media":0,"parent":26,"menu_order":0,"comment_status":"closed","ping_status":"closed","template":"","meta":{"inline_featured_image":false,"site-sidebar-layout":"no-sidebar","site-content-layout":"","ast-site-content-layout":"full-width-container","site-content-style":"default","site-sidebar-style":"default","ast-global-header-display":"","ast-banner-title-visibility":"","ast-main-header-display":"","ast-hfb-above-header-display":"","ast-hfb-below-header-display":"","ast-hfb-mobile-header-display":"","site-post-title":"disabled","ast-breadcrumbs-content":"","ast-featured-img":"disabled","footer-sml-layout":"","ast-disable-related-posts":"","theme-transparent-header-meta":"default","adv-header-id-meta":"","stick-header-meta":"","header-above-stick-meta":"","header-main-stick-meta":"","header-below-stick-meta":"","astra-migrate-meta-layouts":"set","ast-page-background-enabled":"default","ast-page-background-meta":{"desktop":{"background-color":"var(--ast-global-color-4)","background-image":"","background-repeat":"repeat","background-position":"center center","background-size":"auto","background-attachment":"scroll","background-type":"","background-media":"","overlay-type":"","overlay-color":"","overlay-opacity":"","overlay-gradient":""},"tablet":{"background-color":"","background-image":"","background-repeat":"repeat","background-position":"center center","background-size":"auto","background-attachment":"scroll","background-type":"","background-media":"","overlay-type":"","overlay-color":"","overlay-opacity":"","overlay-gradient":""},"mobile":{"background-color":"","background-image":"","background-repeat":"repeat","background-position":"center center","background-size":"auto","background-attachment":"scroll","background-type":"","background-media":"","overlay-type":"","overlay-color":"","overlay-opacity":"","overlay-gradient":""}},"ast-content-background-meta":{"desktop":{"background-color":"var(--ast-global-color-5)","background-image":"","background-repeat":"repeat","background-position":"center center","background-size":"auto","background-attachment":"scroll","background-type":"","background-media":"","overlay-type":"","overlay-color":"","overlay-opacity":"","overlay-gradient":""},"tablet":{"background-color":"var(--ast-global-color-5)","background-image":"","background-repeat":"repeat","background-position":"center center","background-size":"auto","background-attachment":"scroll","background-type":"","background-media":"","overlay-type":"","overlay-color":"","overlay-opacity":"","overlay-gradient":""},"mobile":{"background-color":"var(--ast-global-color-5)","background-image":"","background-repeat":"repeat","background-position":"center center","background-size":"auto","background-attachment":"scroll","background-type":"","background-media":"","overlay-type":"","overlay-color":"","overlay-opacity":"","overlay-gradient":""}},"footnotes":""},"class_list":["post-565","page","type-page","status-publish","hentry"],"yoast_head":"<!-- This site is optimized with the Yoast SEO plugin v26.7 - https:\/\/yoast.com\/wordpress\/plugins\/seo\/ -->\n<title>Th\u00e9rapie du sport \u00e0 Montr\u00e9al - Clinique RESET<\/title>\n<meta name=\"description\" content=\"La clinique RESET propose des services de th\u00e9rapie du sport pour pr\u00e9venir les blessures, favoriser la r\u00e9\u00e9ducation et optimiser la performance.\" \/>\n<meta name=\"robots\" content=\"index, follow, max-snippet:-1, max-image-preview:large, max-video-preview:-1\" \/>\n<link rel=\"canonical\" href=\"https:\/\/cliniquereset.com\/en\/our-services\/therapie-du-sport\/\" \/>\n<meta property=\"og:locale\" content=\"en_US\" \/>\n<meta property=\"og:type\" content=\"article\" \/>\n<meta property=\"og:title\" content=\"Th\u00e9rapie du sport \u00e0 Montr\u00e9al - Clinique RESET\" \/>\n<meta property=\"og:description\" content=\"La clinique RESET propose des services de th\u00e9rapie du sport pour pr\u00e9venir les blessures, favoriser la r\u00e9\u00e9ducation et optimiser la performance.\" \/>\n<meta property=\"og:url\" content=\"https:\/\/cliniquereset.com\/en\/our-services\/therapie-du-sport\/\" \/>\n<meta property=\"og:site_name\" content=\"Clinique RESET\" \/>\n<meta property=\"article:publisher\" content=\"https:\/\/www.facebook.com\/cliniqueRESET\" \/>\n<meta property=\"article:modified_time\" content=\"2025-10-21T12:37:34+00:00\" \/>\n<meta property=\"og:image\" content=\"https:\/\/cliniquereset.com\/wp-content\/uploads\/2025\/04\/Therapie-du-sport.jpg\" \/>\n<meta name=\"twitter:card\" content=\"summary_large_image\" \/>\n<meta name=\"twitter:label1\" content=\"Est. reading time\" \/>\n\t<meta name=\"twitter:data1\" content=\"1 minute\" \/>\n<script type=\"application\/ld+json\" class=\"yoast-schema-graph\">{\"@context\":\"https:\/\/schema.org\",\"@graph\":[{\"@type\":\"WebPage\",\"@id\":\"https:\/\/cliniquereset.com\/our-services\/therapie-du-sport\/\",\"url\":\"https:\/\/cliniquereset.com\/our-services\/therapie-du-sport\/\",\"name\":\"Th\u00e9rapie du sport \u00e0 Montr\u00e9al - Clinique RESET\",\"isPartOf\":{\"@id\":\"https:\/\/cliniquereset.com\/#website\"},\"primaryImageOfPage\":{\"@id\":\"https:\/\/cliniquereset.com\/our-services\/therapie-du-sport\/#primaryimage\"},\"image\":{\"@id\":\"https:\/\/cliniquereset.com\/our-services\/therapie-du-sport\/#primaryimage\"},\"thumbnailUrl\":\"https:\/\/cliniquereset.com\/wp-content\/uploads\/2025\/04\/Therapie-du-sport.jpg\",\"datePublished\":\"2023-09-06T20:30:02+00:00\",\"dateModified\":\"2025-10-21T12:37:34+00:00\",\"description\":\"La clinique RESET propose des services de th\u00e9rapie du sport pour pr\u00e9venir les blessures, favoriser la r\u00e9\u00e9ducation et optimiser la performance.\",\"breadcrumb\":{\"@id\":\"https:\/\/cliniquereset.com\/our-services\/therapie-du-sport\/#breadcrumb\"},\"inLanguage\":\"en-CA\",\"potentialAction\":[{\"@type\":\"ReadAction\",\"target\":[\"https:\/\/cliniquereset.com\/our-services\/therapie-du-sport\/\"]}]},{\"@type\":\"ImageObject\",\"inLanguage\":\"en-CA\",\"@id\":\"https:\/\/cliniquereset.com\/our-services\/therapie-du-sport\/#primaryimage\",\"url\":\"https:\/\/cliniquereset.com\/wp-content\/uploads\/2025\/04\/Therapie-du-sport.jpg\",\"contentUrl\":\"https:\/\/cliniquereset.com\/wp-content\/uploads\/2025\/04\/Therapie-du-sport.jpg\"},{\"@type\":\"BreadcrumbList\",\"@id\":\"https:\/\/cliniquereset.com\/our-services\/therapie-du-sport\/#breadcrumb\",\"itemListElement\":[{\"@type\":\"ListItem\",\"position\":1,\"name\":\"Home\",\"item\":\"https:\/\/cliniquereset.com\/\"},{\"@type\":\"ListItem\",\"position\":2,\"name\":\"Nos services\",\"item\":\"https:\/\/cliniquereset.com\/our-services\/\"},{\"@type\":\"ListItem\",\"position\":3,\"name\":\"Th\u00e9rapie du sport \u00e0 Montr\u00e9al\"}]},{\"@type\":\"WebSite\",\"@id\":\"https:\/\/cliniquereset.com\/#website\",\"url\":\"https:\/\/cliniquereset.com\/\",\"name\":\"Clinique RESET\",\"description\":\"Sports Clinic in Montreal Kinesiology Kinesitherapy Sport Massage Therapy Clinique RESET offers sports massages that meet the needs of athletes.\",\"publisher\":{\"@id\":\"https:\/\/cliniquereset.com\/#organization\"},\"potentialAction\":[{\"@type\":\"SearchAction\",\"target\":{\"@type\":\"EntryPoint\",\"urlTemplate\":\"https:\/\/cliniquereset.com\/?s={search_term_string}\"},\"query-input\":{\"@type\":\"PropertyValueSpecification\",\"valueRequired\":true,\"valueName\":\"search_term_string\"}}],\"inLanguage\":\"en-CA\"},{\"@type\":\"Organization\",\"@id\":\"https:\/\/cliniquereset.com\/#organization\",\"name\":\"Clinique RESET\",\"url\":\"https:\/\/cliniquereset.com\/\",\"logo\":{\"@type\":\"ImageObject\",\"inLanguage\":\"en-CA\",\"@id\":\"https:\/\/cliniquereset.com\/#\/schema\/logo\/image\/\",\"url\":\"https:\/\/cliniquereset.com\/wp-content\/uploads\/2023\/08\/CLINIQUE-RESET-LOGO.png\",\"contentUrl\":\"https:\/\/cliniquereset.com\/wp-content\/uploads\/2023\/08\/CLINIQUE-RESET-LOGO.png\",\"width\":160,\"height\":160,\"caption\":\"Clinique RESET\"},\"image\":{\"@id\":\"https:\/\/cliniquereset.com\/#\/schema\/logo\/image\/\"},\"sameAs\":[\"https:\/\/www.facebook.com\/cliniqueRESET\",\"https:\/\/www.youtube.com\/@CliniqueReset-gz7gs\",\"https:\/\/www.instagram.com\/clinique_reset\/\",\"https:\/\/www.linkedin.com\/in\/clinique-r-e-s-e-t-a8ab5b232\/\"]}]}<\/script>\n<!-- \/ Yoast SEO plugin. -->","yoast_head_json":{"title":"Th\u00e9rapie du sport \u00e0 Montr\u00e9al - Clinique RESET","description":"La clinique RESET propose des services de th\u00e9rapie du sport pour pr\u00e9venir les blessures, favoriser la r\u00e9\u00e9ducation et optimiser la performance.","robots":{"index":"index","follow":"follow","max-snippet":"max-snippet:-1","max-image-preview":"max-image-preview:large","max-video-preview":"max-video-preview:-1"},"canonical":"https:\/\/cliniquereset.com\/en\/our-services\/therapie-du-sport\/","og_locale":"en_US","og_type":"article","og_title":"Th\u00e9rapie du sport \u00e0 Montr\u00e9al - Clinique RESET","og_description":"La clinique RESET propose des services de th\u00e9rapie du sport pour pr\u00e9venir les blessures, favoriser la r\u00e9\u00e9ducation et optimiser la performance.","og_url":"https:\/\/cliniquereset.com\/en\/our-services\/therapie-du-sport\/","og_site_name":"Clinique RESET","article_publisher":"https:\/\/www.facebook.com\/cliniqueRESET","article_modified_time":"2025-10-21T12:37:34+00:00","og_image":[{"url":"https:\/\/cliniquereset.com\/wp-content\/uploads\/2025\/04\/Therapie-du-sport.jpg","type":"","width":"","height":""}],"twitter_card":"summary_large_image","twitter_misc":{"Est. reading time":"1 minute"},"schema":{"@context":"https:\/\/schema.org","@graph":[{"@type":"WebPage","@id":"https:\/\/cliniquereset.com\/our-services\/therapie-du-sport\/","url":"https:\/\/cliniquereset.com\/our-services\/therapie-du-sport\/","name":"Th\u00e9rapie du sport \u00e0 Montr\u00e9al - Clinique RESET","isPartOf":{"@id":"https:\/\/cliniquereset.com\/#website"},"primaryImageOfPage":{"@id":"https:\/\/cliniquereset.com\/our-services\/therapie-du-sport\/#primaryimage"},"image":{"@id":"https:\/\/cliniquereset.com\/our-services\/therapie-du-sport\/#primaryimage"},"thumbnailUrl":"https:\/\/cliniquereset.com\/wp-content\/uploads\/2025\/04\/Therapie-du-sport.jpg","datePublished":"2023-09-06T20:30:02+00:00","dateModified":"2025-10-21T12:37:34+00:00","description":"La clinique RESET propose des services de th\u00e9rapie du sport pour pr\u00e9venir les blessures, favoriser la r\u00e9\u00e9ducation et optimiser la performance.","breadcrumb":{"@id":"https:\/\/cliniquereset.com\/our-services\/therapie-du-sport\/#breadcrumb"},"inLanguage":"en-CA","potentialAction":[{"@type":"ReadAction","target":["https:\/\/cliniquereset.com\/our-services\/therapie-du-sport\/"]}]},{"@type":"ImageObject","inLanguage":"en-CA","@id":"https:\/\/cliniquereset.com\/our-services\/therapie-du-sport\/#primaryimage","url":"https:\/\/cliniquereset.com\/wp-content\/uploads\/2025\/04\/Therapie-du-sport.jpg","contentUrl":"https:\/\/cliniquereset.com\/wp-content\/uploads\/2025\/04\/Therapie-du-sport.jpg"},{"@type":"BreadcrumbList","@id":"https:\/\/cliniquereset.com\/our-services\/therapie-du-sport\/#breadcrumb","itemListElement":[{"@type":"ListItem","position":1,"name":"Home","item":"https:\/\/cliniquereset.com\/"},{"@type":"ListItem","position":2,"name":"Nos services","item":"https:\/\/cliniquereset.com\/our-services\/"},{"@type":"ListItem","position":3,"name":"Th\u00e9rapie du sport \u00e0 Montr\u00e9al"}]},{"@type":"WebSite","@id":"https:\/\/cliniquereset.com\/#website","url":"https:\/\/cliniquereset.com\/","name":"Clinique RESET","description":"Sports Clinic in Montreal Kinesiology Kinesitherapy Sport Massage Therapy Clinique RESET offers sports massages that meet the needs of athletes.","publisher":{"@id":"https:\/\/cliniquereset.com\/#organization"},"potentialAction":[{"@type":"SearchAction","target":{"@type":"EntryPoint","urlTemplate":"https:\/\/cliniquereset.com\/?s={search_term_string}"},"query-input":{"@type":"PropertyValueSpecification","valueRequired":true,"valueName":"search_term_string"}}],"inLanguage":"en-CA"},{"@type":"Organization","@id":"https:\/\/cliniquereset.com\/#organization","name":"Clinique RESET","url":"https:\/\/cliniquereset.com\/","logo":{"@type":"ImageObject","inLanguage":"en-CA","@id":"https:\/\/cliniquereset.com\/#\/schema\/logo\/image\/","url":"https:\/\/cliniquereset.com\/wp-content\/uploads\/2023\/08\/CLINIQUE-RESET-LOGO.png","contentUrl":"https:\/\/cliniquereset.com\/wp-content\/uploads\/2023\/08\/CLINIQUE-RESET-LOGO.png","width":160,"height":160,"caption":"Clinique RESET"},"image":{"@id":"https:\/\/cliniquereset.com\/#\/schema\/logo\/image\/"},"sameAs":["https:\/\/www.facebook.com\/cliniqueRESET","https:\/\/www.youtube.com\/@CliniqueReset-gz7gs","https:\/\/www.instagram.com\/clinique_reset\/","https:\/\/www.linkedin.com\/in\/clinique-r-e-s-e-t-a8ab5b232\/"]}]}},"_links":{"self":[{"href":"https:\/\/cliniquereset.com\/en\/wp-json\/wp\/v2\/pages\/565","targetHints":{"allow":["GET"]}}],"collection":[{"href":"https:\/\/cliniquereset.com\/en\/wp-json\/wp\/v2\/pages"}],"about":[{"href":"https:\/\/cliniquereset.com\/en\/wp-json\/wp\/v2\/types\/page"}],"author":[{"embeddable":true,"href":"https:\/\/cliniquereset.com\/en\/wp-json\/wp\/v2\/users\/1"}],"replies":[{"embeddable":true,"href":"https:\/\/cliniquereset.com\/en\/wp-json\/wp\/v2\/comments?post=565"}],"version-history":[{"count":1,"href":"https:\/\/cliniquereset.com\/en\/wp-json\/wp\/v2\/pages\/565\/revisions"}],"predecessor-version":[{"id":2286,"href":"https:\/\/cliniquereset.com\/en\/wp-json\/wp\/v2\/pages\/565\/revisions\/2286"}],"up":[{"embeddable":true,"href":"https:\/\/cliniquereset.com\/en\/wp-json\/wp\/v2\/pages\/26"}],"wp:attachment":[{"href":"https:\/\/cliniquereset.com\/en\/wp-json\/wp\/v2\/media?parent=565"}],"curies":[{"name":"wp","href":"https:\/\/api.w.org\/{rel}","templated":true}]}}